{"id":3030,"date":"2025-10-07T06:57:52","date_gmt":"2025-10-07T06:57:52","guid":{"rendered":"https:\/\/wiltbearings.com\/?post_type=product&#038;p=3030"},"modified":"2025-10-07T06:57:52","modified_gmt":"2025-10-07T06:57:52","slug":"12413105-25998408-512243","status":"publish","type":"product","link":"https:\/\/wiltbearings.com\/de\/product\/12413105-25998408-512243\/","title":{"rendered":"12413105 25998408 512243"},"content":{"rendered":"","protected":false},"excerpt":{"rendered":"<p>Produktname: Vorderradnaben-Lagereinheit<br \/>\nModell: 12413105 \/ 25998408 \/ 512243<br \/>\nOE-Nummer: 513198<br \/>\nAnwendbare Fahrzeuge: Cadillac SRX AWD (2004-2009)<br \/>\nPosition: Vorderseite<\/p>\n<p>Beschreibung:<br \/>\nHochwertige Vorderradnabenlager f\u00fcr Cadillac SRX AWD 2004-2009. Hergestellt aus hochwertigen Materialien f\u00fcr Haltbarkeit, Pr\u00e4zision und leisen Betrieb. Sorgt f\u00fcr reibungslosen Radlauf und zuverl\u00e4ssigen Ersatz f\u00fcr OEM 513198.<\/p>","protected":false},"featured_media":3031,"comment_status":"open","ping_status":"closed","template":"","meta":{"_uag_custom_page_level_css":"","site-sidebar-layout":"default","site-content-layout":"","ast-site-content-layout":"default","site-content-style":"default","site-sidebar-style":"default","ast-global-header-display":"","ast-banner-title-visibility":"","ast-main-header-display":"","ast-hfb-above-header-display":"","ast-hfb-below-header-display":"","ast-hfb-mobile-header-display":"","site-post-title":"","ast-breadcrumbs-content":"","ast-featured-img":"","footer-sml-layout":"","theme-transparent-header-meta":"default","adv-header-id-meta":"","stick-header-meta":"","header-above-stick-meta":"","header-main-stick-meta":"","header-below-stick-meta":"","astra-migrate-meta-layouts":"set","ast-page-background-enabled":"default","ast-page-background-meta":{"desktop":{"background-color":"","background-image":"","background-repeat":"repeat","background-position":"center center","background-size":"auto","background-attachment":"scroll","background-type":"","background-media":"","overlay-type":"","overlay-color":"","overlay-opacity":"","overlay-gradient":""},"tablet":{"background-color":"","background-image":"","background-repeat":"repeat","background-position":"center center","background-size":"auto","background-attachment":"scroll","background-type":"","background-media":"","overlay-type":"","overlay-color":"","overlay-opacity":"","overlay-gradient":""},"mobile":{"background-color":"","background-image":"","background-repeat":"repeat","background-position":"center center","background-size":"auto","background-attachment":"scroll","background-type":"","background-media":"","overlay-type":"","overlay-color":"","overlay-opacity":"","overlay-gradient":""}},"ast-content-background-meta":{"desktop":{"background-color":"var(--ast-global-color-5)","background-image":"","background-repeat":"repeat","background-position":"center center","background-size":"auto","background-attachment":"scroll","background-type":"","background-media":"","overlay-type":"","overlay-color":"","overlay-opacity":"","overlay-gradient":""},"tablet":{"background-color":"var(--ast-global-color-5)","background-image":"","background-repeat":"repeat","background-position":"center center","background-size":"auto","background-attachment":"scroll","background-type":"","background-media":"","overlay-type":"","overlay-color":"","overlay-opacity":"","overlay-gradient":""},"mobile":{"background-color":"var(--ast-global-color-5)","background-image":"","background-repeat":"repeat","background-position":"center center","background-size":"auto","background-attachment":"scroll","background-type":"","background-media":"","overlay-type":"","overlay-color":"","overlay-opacity":"","overlay-gradient":""}}},"product_brand":[],"product_cat":[41],"product_tag":[],"class_list":{"0":"post-3030","1":"product","2":"type-product","3":"status-publish","4":"has-post-thumbnail","6":"product_cat-wheel-hub-assembly","7":"desktop-align-left","8":"tablet-align-left","9":"mobile-align-left","11":"first","12":"instock","13":"shipping-taxable","14":"product-type-simple"},"uagb_featured_image_src":{"full":["https:\/\/wiltbearings.com\/wp-content\/uploads\/2025\/10\/6.png",447,349,false],"thumbnail":["https:\/\/wiltbearings.com\/wp-content\/uploads\/2025\/10\/6-150x150.png",150,150,true],"medium":["https:\/\/wiltbearings.com\/wp-content\/uploads\/2025\/10\/6-300x234.png",300,234,true],"medium_large":["https:\/\/wiltbearings.com\/wp-content\/uploads\/2025\/10\/6.png",447,349,false],"large":["https:\/\/wiltbearings.com\/wp-content\/uploads\/2025\/10\/6.png",447,349,false],"1536x1536":["https:\/\/wiltbearings.com\/wp-content\/uploads\/2025\/10\/6.png",447,349,false],"2048x2048":["https:\/\/wiltbearings.com\/wp-content\/uploads\/2025\/10\/6.png",447,349,false],"trp-custom-language-flag":["https:\/\/wiltbearings.com\/wp-content\/uploads\/2025\/10\/6-15x12.png",15,12,true],"woocommerce_thumbnail":["https:\/\/wiltbearings.com\/wp-content\/uploads\/2025\/10\/6-300x300.png",300,300,true],"woocommerce_single":["https:\/\/wiltbearings.com\/wp-content\/uploads\/2025\/10\/6-400x312.png",400,312,true],"woocommerce_gallery_thumbnail":["https:\/\/wiltbearings.com\/wp-content\/uploads\/2025\/10\/6-100x100.png",100,100,true]},"uagb_author_info":{"display_name":"simon","author_link":"https:\/\/wiltbearings.com\/de\/author\/"},"uagb_comment_info":0,"uagb_excerpt":"Product Name: Front Wheel Hub Bearing Assembly Model: 12413105 \/ 25998408 \/ 512243 OE Number: 513198 Applicable Vehicles: Cadillac SRX AWD (2004\u20132009) Position: Front Description: High-quality front wheel hub bearing assembly for Cadillac SRX AWD 2004\u20132009. Manufactured from premium materials for durability, precision, and quiet operation. Ensures smooth wheel rotation and reliable replacement for OEM&hellip;","_links":{"self":[{"href":"https:\/\/wiltbearings.com\/de\/wp-json\/wp\/v2\/product\/3030","targetHints":{"allow":["GET"]}}],"collection":[{"href":"https:\/\/wiltbearings.com\/de\/wp-json\/wp\/v2\/product"}],"about":[{"href":"https:\/\/wiltbearings.com\/de\/wp-json\/wp\/v2\/types\/product"}],"replies":[{"embeddable":true,"href":"https:\/\/wiltbearings.com\/de\/wp-json\/wp\/v2\/comments?post=3030"}],"wp:featuredmedia":[{"embeddable":true,"href":"https:\/\/wiltbearings.com\/de\/wp-json\/wp\/v2\/media\/3031"}],"wp:attachment":[{"href":"https:\/\/wiltbearings.com\/de\/wp-json\/wp\/v2\/media?parent=3030"}],"wp:term":[{"taxonomy":"product_brand","embeddable":true,"href":"https:\/\/wiltbearings.com\/de\/wp-json\/wp\/v2\/product_brand?post=3030"},{"taxonomy":"product_cat","embeddable":true,"href":"https:\/\/wiltbearings.com\/de\/wp-json\/wp\/v2\/product_cat?post=3030"},{"taxonomy":"product_tag","embeddable":true,"href":"https:\/\/wiltbearings.com\/de\/wp-json\/wp\/v2\/product_tag?post=3030"}],"curies":[{"name":"wp","href":"https:\/\/api.w.org\/{rel}","templated":true}]}}