{"id":3103,"date":"2025-10-07T10:39:23","date_gmt":"2025-10-07T10:39:23","guid":{"rendered":"https:\/\/wiltbearings.com\/?post_type=product&#038;p=3103"},"modified":"2025-10-07T10:39:23","modified_gmt":"2025-10-07T10:39:23","slug":"42200-sna-a51-42200-tr0-a01-l-025-hub113","status":"publish","type":"product","link":"https:\/\/wiltbearings.com\/de\/product\/42200-sna-a51-42200-tr0-a01-l-025-hub113\/","title":{"rendered":"42200-SNA-A51 42200-TR0-A01 L-025 NABE113"},"content":{"rendered":"<p>Produktname: Hinterradnaben-Lagereinheit<br \/>\nModell: 42200-SNA-A51 \/ 42200-TR0-A01 \/ L-025 \/ HUB113<br \/>\nOE-Nummer: 512256<br \/>\nAnwendbare Fahrzeuge: Honda Civic FA1 \/ FA3 \/ FB2 \/ FB3 (2006-2015), Honda Spirior \/ C14 (2012-2014)<br \/>\nPosition: Hinten<\/p>\n<p>Beschreibung:<br \/>\nPremium-Hinterradnabenlager f\u00fcr Honda Civic und Spirior Modelle. Hergestellt aus hochwertigem Lagerstahl f\u00fcr reibungslose Rotation, reduzierte Ger\u00e4uschentwicklung und lang anhaltende Leistung. Direkter Ersatz f\u00fcr OEM 512256, gew\u00e4hrleistet zuverl\u00e4ssigen Betrieb und einfache Installation.<\/p>","protected":false},"excerpt":{"rendered":"<p>Product Name: Rear Wheel Hub Bearing Assembly Model: 42200-SNA-A51 \/ 42200-TR0-A01 \/ L-025 \/ HUB113 OE Number: 512256 Applicable Vehicles: Honda Civic FA1 \/ FA3 \/ FB2 \/ FB3 (2006\u20132015), Honda Spirior \/ C14 (2012\u20132014) Position: Rear Description: Premium rear wheel hub bearing assembly for Honda Civic and Spirior models. Made from high-quality bearing steel [&hellip;]<\/p>\n","protected":false},"featured_media":3104,"comment_status":"open","ping_status":"closed","template":"","meta":{"_uag_custom_page_level_css":"","site-sidebar-layout":"default","site-content-layout":"","ast-site-content-layout":"default","site-content-style":"default","site-sidebar-style":"default","ast-global-header-display":"","ast-banner-title-visibility":"","ast-main-header-display":"","ast-hfb-above-header-display":"","ast-hfb-below-header-display":"","ast-hfb-mobile-header-display":"","site-post-title":"","ast-breadcrumbs-content":"","ast-featured-img":"","footer-sml-layout":"","theme-transparent-header-meta":"default","adv-header-id-meta":"","stick-header-meta":"","header-above-stick-meta":"","header-main-stick-meta":"","header-below-stick-meta":"","astra-migrate-meta-layouts":"set","ast-page-background-enabled":"default","ast-page-background-meta":{"desktop":{"background-color":"","background-image":"","background-repeat":"repeat","background-position":"center center","background-size":"auto","background-attachment":"scroll","background-type":"","background-media":"","overlay-type":"","overlay-color":"","overlay-opacity":"","overlay-gradient":""},"tablet":{"background-color":"","background-image":"","background-repeat":"repeat","background-position":"center center","background-size":"auto","background-attachment":"scroll","background-type":"","background-media":"","overlay-type":"","overlay-color":"","overlay-opacity":"","overlay-gradient":""},"mobile":{"background-color":"","background-image":"","background-repeat":"repeat","background-position":"center center","background-size":"auto","background-attachment":"scroll","background-type":"","background-media":"","overlay-type":"","overlay-color":"","overlay-opacity":"","overlay-gradient":""}},"ast-content-background-meta":{"desktop":{"background-color":"var(--ast-global-color-5)","background-image":"","background-repeat":"repeat","background-position":"center center","background-size":"auto","background-attachment":"scroll","background-type":"","background-media":"","overlay-type":"","overlay-color":"","overlay-opacity":"","overlay-gradient":""},"tablet":{"background-color":"var(--ast-global-color-5)","background-image":"","background-repeat":"repeat","background-position":"center center","background-size":"auto","background-attachment":"scroll","background-type":"","background-media":"","overlay-type":"","overlay-color":"","overlay-opacity":"","overlay-gradient":""},"mobile":{"background-color":"var(--ast-global-color-5)","background-image":"","background-repeat":"repeat","background-position":"center center","background-size":"auto","background-attachment":"scroll","background-type":"","background-media":"","overlay-type":"","overlay-color":"","overlay-opacity":"","overlay-gradient":""}}},"product_brand":[],"product_cat":[41],"product_tag":[],"class_list":{"0":"post-3103","1":"product","2":"type-product","3":"status-publish","4":"has-post-thumbnail","6":"product_cat-wheel-hub-assembly","7":"desktop-align-left","8":"tablet-align-left","9":"mobile-align-left","11":"first","12":"instock","13":"shipping-taxable","14":"product-type-simple"},"uagb_featured_image_src":{"full":["https:\/\/wiltbearings.com\/wp-content\/uploads\/2025\/10\/27.png",318,316,false],"thumbnail":["https:\/\/wiltbearings.com\/wp-content\/uploads\/2025\/10\/27-150x150.png",150,150,true],"medium":["https:\/\/wiltbearings.com\/wp-content\/uploads\/2025\/10\/27-300x298.png",300,298,true],"medium_large":["https:\/\/wiltbearings.com\/wp-content\/uploads\/2025\/10\/27.png",318,316,false],"large":["https:\/\/wiltbearings.com\/wp-content\/uploads\/2025\/10\/27.png",318,316,false],"1536x1536":["https:\/\/wiltbearings.com\/wp-content\/uploads\/2025\/10\/27.png",318,316,false],"2048x2048":["https:\/\/wiltbearings.com\/wp-content\/uploads\/2025\/10\/27.png",318,316,false],"trp-custom-language-flag":["https:\/\/wiltbearings.com\/wp-content\/uploads\/2025\/10\/27-12x12.png",12,12,true],"woocommerce_thumbnail":["https:\/\/wiltbearings.com\/wp-content\/uploads\/2025\/10\/27-300x300.png",300,300,true],"woocommerce_single":["https:\/\/wiltbearings.com\/wp-content\/uploads\/2025\/10\/27.png",318,316,false],"woocommerce_gallery_thumbnail":["https:\/\/wiltbearings.com\/wp-content\/uploads\/2025\/10\/27-100x100.png",100,100,true]},"uagb_author_info":{"display_name":"simon","author_link":"https:\/\/wiltbearings.com\/de\/author\/"},"uagb_comment_info":0,"uagb_excerpt":"Product Name: Rear Wheel Hub Bearing Assembly Model: 42200-SNA-A51 \/ 42200-TR0-A01 \/ L-025 \/ HUB113 OE Number: 512256 Applicable Vehicles: Honda Civic FA1 \/ FA3 \/ FB2 \/ FB3 (2006\u20132015), Honda Spirior \/ C14 (2012\u20132014) Position: Rear Description: Premium rear wheel hub bearing assembly for Honda Civic and Spirior models. Made from high-quality bearing steel&hellip;","_links":{"self":[{"href":"https:\/\/wiltbearings.com\/de\/wp-json\/wp\/v2\/product\/3103","targetHints":{"allow":["GET"]}}],"collection":[{"href":"https:\/\/wiltbearings.com\/de\/wp-json\/wp\/v2\/product"}],"about":[{"href":"https:\/\/wiltbearings.com\/de\/wp-json\/wp\/v2\/types\/product"}],"replies":[{"embeddable":true,"href":"https:\/\/wiltbearings.com\/de\/wp-json\/wp\/v2\/comments?post=3103"}],"wp:featuredmedia":[{"embeddable":true,"href":"https:\/\/wiltbearings.com\/de\/wp-json\/wp\/v2\/media\/3104"}],"wp:attachment":[{"href":"https:\/\/wiltbearings.com\/de\/wp-json\/wp\/v2\/media?parent=3103"}],"wp:term":[{"taxonomy":"product_brand","embeddable":true,"href":"https:\/\/wiltbearings.com\/de\/wp-json\/wp\/v2\/product_brand?post=3103"},{"taxonomy":"product_cat","embeddable":true,"href":"https:\/\/wiltbearings.com\/de\/wp-json\/wp\/v2\/product_cat?post=3103"},{"taxonomy":"product_tag","embeddable":true,"href":"https:\/\/wiltbearings.com\/de\/wp-json\/wp\/v2\/product_tag?post=3103"}],"curies":[{"name":"wp","href":"https:\/\/api.w.org\/{rel}","templated":true}]}}