{"id":3239,"date":"2025-10-09T03:34:24","date_gmt":"2025-10-09T03:34:24","guid":{"rendered":"https:\/\/wiltbearings.com\/?post_type=product&#038;p=3239"},"modified":"2025-10-09T03:34:24","modified_gmt":"2025-10-09T03:34:24","slug":"6655-l002-001-lf6460qs-ma-30t-43550-0r030-b02","status":"publish","type":"product","link":"https:\/\/wiltbearings.com\/de\/product\/6655-l002-001-lf6460qs-ma-30t-43550-0r030-b02\/","title":{"rendered":"6655-L002-001 \/ LF6460QS-MA (30T) \/ 43550-0R030 \/ B02"},"content":{"rendered":"<p>Produktname: Hinterradnaben-Lagereinheit<br \/>\nModell: 6655-L002-001 \/ LF6460QS-MA (30T) \/ 43550-0R030 \/ B02<br \/>\nGeeignetes Fahrzeug: Landwind X5\/X7, Leopard CS10, Landwind Xiaoyao, Leopard Mattu (vorne)<br \/>\nPosition: Hinten<\/p>\n<p>Beschreibung:<br \/>\nHochwertige Hinterradnabenlagerung f\u00fcr die Modelle Landwind und Leopard. Sorgt f\u00fcr reibungslose Rotation, pr\u00e4zise Passform und zuverl\u00e4ssige Leistung f\u00fcr stabiles Fahren.<\/p>","protected":false},"excerpt":{"rendered":"<p>Produktname: Hinterradnaben-Lagereinheit Modell: 6655-L002-001 \/ LF6460QS-MA (30T) \/ 43550-0R030 \/ B02 Geeignetes Fahrzeug: Landwind X5\/X7, Leopard CS10, Landwind Xiaoyao, Leopard Mattu (vorne) Position: Hinten Beschreibung: Hochwertige Hinterradnabenlagerung f\u00fcr Landwind und Leopard Modelle. Gew\u00e4hrleistet eine reibungslose Rotation, pr\u00e4zise Passform und zuverl\u00e4ssige Leistung f\u00fcr stabiles Fahren.<\/p>","protected":false},"featured_media":3240,"comment_status":"open","ping_status":"closed","template":"","meta":{"_uag_custom_page_level_css":"","site-sidebar-layout":"default","site-content-layout":"","ast-site-content-layout":"default","site-content-style":"default","site-sidebar-style":"default","ast-global-header-display":"","ast-banner-title-visibility":"","ast-main-header-display":"","ast-hfb-above-header-display":"","ast-hfb-below-header-display":"","ast-hfb-mobile-header-display":"","site-post-title":"","ast-breadcrumbs-content":"","ast-featured-img":"","footer-sml-layout":"","theme-transparent-header-meta":"default","adv-header-id-meta":"","stick-header-meta":"","header-above-stick-meta":"","header-main-stick-meta":"","header-below-stick-meta":"","astra-migrate-meta-layouts":"set","ast-page-background-enabled":"default","ast-page-background-meta":{"desktop":{"background-color":"","background-image":"","background-repeat":"repeat","background-position":"center center","background-size":"auto","background-attachment":"scroll","background-type":"","background-media":"","overlay-type":"","overlay-color":"","overlay-opacity":"","overlay-gradient":""},"tablet":{"background-color":"","background-image":"","background-repeat":"repeat","background-position":"center center","background-size":"auto","background-attachment":"scroll","background-type":"","background-media":"","overlay-type":"","overlay-color":"","overlay-opacity":"","overlay-gradient":""},"mobile":{"background-color":"","background-image":"","background-repeat":"repeat","background-position":"center center","background-size":"auto","background-attachment":"scroll","background-type":"","background-media":"","overlay-type":"","overlay-color":"","overlay-opacity":"","overlay-gradient":""}},"ast-content-background-meta":{"desktop":{"background-color":"var(--ast-global-color-5)","background-image":"","background-repeat":"repeat","background-position":"center center","background-size":"auto","background-attachment":"scroll","background-type":"","background-media":"","overlay-type":"","overlay-color":"","overlay-opacity":"","overlay-gradient":""},"tablet":{"background-color":"var(--ast-global-color-5)","background-image":"","background-repeat":"repeat","background-position":"center center","background-size":"auto","background-attachment":"scroll","background-type":"","background-media":"","overlay-type":"","overlay-color":"","overlay-opacity":"","overlay-gradient":""},"mobile":{"background-color":"var(--ast-global-color-5)","background-image":"","background-repeat":"repeat","background-position":"center center","background-size":"auto","background-attachment":"scroll","background-type":"","background-media":"","overlay-type":"","overlay-color":"","overlay-opacity":"","overlay-gradient":""}}},"product_brand":[],"product_cat":[41],"product_tag":[],"class_list":{"0":"post-3239","1":"product","2":"type-product","3":"status-publish","4":"has-post-thumbnail","6":"product_cat-wheel-hub-assembly","7":"desktop-align-left","8":"tablet-align-left","9":"mobile-align-left","11":"first","12":"instock","13":"shipping-taxable","14":"product-type-simple"},"uagb_featured_image_src":{"full":["https:\/\/wiltbearings.com\/wp-content\/uploads\/2025\/10\/88.png",777,835,false],"thumbnail":["https:\/\/wiltbearings.com\/wp-content\/uploads\/2025\/10\/88-150x150.png",150,150,true],"medium":["https:\/\/wiltbearings.com\/wp-content\/uploads\/2025\/10\/88-279x300.png",279,300,true],"medium_large":["https:\/\/wiltbearings.com\/wp-content\/uploads\/2025\/10\/88-768x825.png",768,825,true],"large":["https:\/\/wiltbearings.com\/wp-content\/uploads\/2025\/10\/88.png",777,835,false],"1536x1536":["https:\/\/wiltbearings.com\/wp-content\/uploads\/2025\/10\/88.png",777,835,false],"2048x2048":["https:\/\/wiltbearings.com\/wp-content\/uploads\/2025\/10\/88.png",777,835,false],"trp-custom-language-flag":["https:\/\/wiltbearings.com\/wp-content\/uploads\/2025\/10\/88-11x12.png",11,12,true],"woocommerce_thumbnail":["https:\/\/wiltbearings.com\/wp-content\/uploads\/2025\/10\/88-300x300.png",300,300,true],"woocommerce_single":["https:\/\/wiltbearings.com\/wp-content\/uploads\/2025\/10\/88-400x430.png",400,430,true],"woocommerce_gallery_thumbnail":["https:\/\/wiltbearings.com\/wp-content\/uploads\/2025\/10\/88-100x100.png",100,100,true]},"uagb_author_info":{"display_name":"simon","author_link":"https:\/\/wiltbearings.com\/de\/author\/"},"uagb_comment_info":0,"uagb_excerpt":"Product Name: Rear Wheel Hub Bearing Assembly Model: 6655-L002-001 \/ LF6460QS-MA (30T) \/ 43550-0R030 \/ B02 Applicable Vehicle: Landwind X5\/X7, Leopard CS10, Landwind Xiaoyao, Leopard Mattu (Front) Position: Rear Description: High-quality rear wheel hub bearing assembly for Landwind and Leopard models. Ensures smooth rotation, precise fit, and reliable performance for stable driving.","_links":{"self":[{"href":"https:\/\/wiltbearings.com\/de\/wp-json\/wp\/v2\/product\/3239","targetHints":{"allow":["GET"]}}],"collection":[{"href":"https:\/\/wiltbearings.com\/de\/wp-json\/wp\/v2\/product"}],"about":[{"href":"https:\/\/wiltbearings.com\/de\/wp-json\/wp\/v2\/types\/product"}],"replies":[{"embeddable":true,"href":"https:\/\/wiltbearings.com\/de\/wp-json\/wp\/v2\/comments?post=3239"}],"wp:featuredmedia":[{"embeddable":true,"href":"https:\/\/wiltbearings.com\/de\/wp-json\/wp\/v2\/media\/3240"}],"wp:attachment":[{"href":"https:\/\/wiltbearings.com\/de\/wp-json\/wp\/v2\/media?parent=3239"}],"wp:term":[{"taxonomy":"product_brand","embeddable":true,"href":"https:\/\/wiltbearings.com\/de\/wp-json\/wp\/v2\/product_brand?post=3239"},{"taxonomy":"product_cat","embeddable":true,"href":"https:\/\/wiltbearings.com\/de\/wp-json\/wp\/v2\/product_cat?post=3239"},{"taxonomy":"product_tag","embeddable":true,"href":"https:\/\/wiltbearings.com\/de\/wp-json\/wp\/v2\/product_tag?post=3239"}],"curies":[{"name":"wp","href":"https:\/\/api.w.org\/{rel}","templated":true}]}}