{"id":1072,"date":"2025-09-04T05:57:59","date_gmt":"2025-09-04T05:57:59","guid":{"rendered":"http:\/\/wiltbearings.com\/contact\/"},"modified":"2025-09-20T06:23:54","modified_gmt":"2025-09-20T06:23:54","slug":"pongase-en-contacto-con","status":"publish","type":"page","link":"https:\/\/wiltbearings.com\/es\/contact\/","title":{"rendered":"P\u00f3ngase en contacto con"},"content":{"rendered":"<div class=\"wp-block-uagb-container uagb-block-7c3c2a01 alignfull uagb-is-root-container\"><div class=\"uagb-container-inner-blocks-wrap\">\n<h1 class=\"wp-block-heading has-text-align-center has-ast-global-color-7-color has-text-color has-link-color wp-elements-6514641ee9c6b99776fa8653d5c592a8\">Contacto<\/h1>\n<\/div><\/div>\n\n\n\n<p><\/p>\n\n\n\n<div data-aos= \"fade-up\" data-aos-duration=\"400\" data-aos-delay=\"0\" data-aos-easing=\"ease\" data-aos-once=\"true\" class=\"wp-block-uagb-container uagb-block-f6b4d3dc alignfull uagb-is-root-container\"><div class=\"uagb-container-inner-blocks-wrap\">\n<div class=\"wp-block-uagb-container uagb-block-ff287502\">\n<style>\n    .contact-us-panel{\n        padding: 20px;\n        border-radius: 10px;\n        color: #333;\n        margin: 20px 0;\n    }\n    .contact-us-panel h3{\n        font-size: 24px;\n        margin-bottom: 20px;\n    }\n    .contact-us-panel h5{\n        font-size: 18px;\n        margin-bottom: 0px;\n    }\n    .contact-us-panel h5{\n\n    }\n    .contact-us-panel .flex{\n        display: flex;\n        align-items: center;\n        margin-bottom: 15px;\n    }\n.contact-us-panel .iconfont{\n   font-size:1.5em;\nfont-weight:bold;\ncolor:#FF6600;\n}\n<\/style>    \n<div class=\"contact-us-panel\">\n    \n\n    <h3 style=\"color:#ff6600\">No dude en ponerse en contacto con nosotros.\n        Nos encantar\u00e1 saber de usted.<\/h3>\n    <h4 class=\"primary-text\">PONERSE EN CONTACTO<\/h4>\n    <h5>Correo electr\u00f3nico<\/h5>\n    <div class=\"flex\">\n        <span class=\"iconfont primary-text icon-youjian\"><\/span>\n        <span class=\"click-email\">info@wiltbearings.com<\/span>\n    <\/div>\n    <h5>N\u00famero de tel\u00e9fono<\/h5>\n    <div class=\"flex\">\n        <span class=\"iconfont primary-text icon-dianhua\"><\/span>\n        <span >+86-17873131543<\/span>\n    <\/div>\n    <h5>Direcci\u00f3n<\/h5>\n    <div class=\"flex\">\n        <span class=\"iconfont primary-text icon-dizhi\"><\/span>\n        <span >Oficina 1159, 1\u00aa planta, edificio 2, Puluhui Wanyu Digital Valley, n\u00ba 318-38, Dongrui 4th Road, calle Xintang, distrito de Xiaoshan, Hangzhou, provincia de Zhejiang.<\/span>\n    <\/div>\n<\/div>\n\n\n\t\t\t<div \n\t\t\tclass=\"wp-block-uagb-google-map uagb-google-map__wrap uagb-block-7228b164\"\n\t\t\tstyle=\"\" >\n\t\t\t\t<embed\n\t\t\t\t\tclass=\"uagb-google-map__iframe\"\n\t\t\t\t\ttitle=\"Mapa de Google de\"\n\t\t\t\t\tsrc=\"https:\/\/maps.google.com\/maps?q=Room%201159%2C%201st%20Floor%2C%20Building%202%2C%20Puluhui%20Wanyu%20Digital%20Valley%2C%20No.%20318-38%2C%20Dongrui%204th%20Road%2C%20Xintang%20Street%2C%20Xiaoshan%20District%2C%20Hangzhou%2C%20Zhejiang%20Province&#038;z=12&#038;hl=en&#038;t=m&#038;output=embed&#038;iwloc=near\"\n\t\t\t\t\twidth=\"640\"\n\t\t\t\t\theight=\"300\"\n\t\t\t\t\tloading=\"lazy\"\n\t\t\t\t><\/embed>\n\t\t\t<\/div>\n\t\t\t<\/div>\n\n\n\n<div class=\"wp-block-uagb-container uagb-block-3c5152ea\">\n<h2 id=\"wp-block-themeisle-blocks-advanced-heading-413224d5\" class=\"wp-block-themeisle-blocks-advanced-heading wp-block-themeisle-blocks-advanced-heading-413224d5\"><em>Enviar un mensaje<\/em><\/h2>\n\n\n\n<p id=\"wp-block-themeisle-blocks-advanced-heading-074747b5\" class=\"wp-block-themeisle-blocks-advanced-heading wp-block-themeisle-blocks-advanced-heading-074747b5\">Si est\u00e1 interesado en nuestros productos y desea conocer m\u00e1s detalles, por favor deje un mensaje aqu\u00ed, le responderemos tan pronto como nos sea posible.<\/p>\n\n\n\n<div class=\"wpcf7 no-js\" id=\"wpcf7-f2136-o1\" lang=\"en-US\" dir=\"ltr\" data-wpcf7-id=\"2136\">\n<div class=\"screen-reader-response\"><p role=\"status\" aria-live=\"polite\" aria-atomic=\"true\"><\/p> <ul><\/ul><\/div>\n<form action=\"\/es\/wp-json\/wp\/v2\/pages\/1072#wpcf7-f2136-o1\" method=\"post\" class=\"wpcf7-form init\" aria-label=\"Formulario de contacto\" novalidate=\"novalidate\" data-status=\"init\" data-trp-original-action=\"\/es\/wp-json\/wp\/v2\/pages\/1072#wpcf7-f2136-o1\">\n<fieldset class=\"hidden-fields-container\"><input type=\"hidden\" name=\"_wpcf7\" value=\"2136\" \/><input type=\"hidden\" name=\"_wpcf7_version\" value=\"6.1.5\" \/><input type=\"hidden\" name=\"_wpcf7_locale\" value=\"en_US\" \/><input type=\"hidden\" name=\"_wpcf7_unit_tag\" value=\"wpcf7-f2136-o1\" \/><input type=\"hidden\" name=\"_wpcf7_container_post\" value=\"0\" \/><input type=\"hidden\" name=\"_wpcf7_posted_data_hash\" value=\"\" \/>\n<\/fieldset>\n<div style=\"margin-bottom:0.6em\">\n\t<p><span class=\"wpcf7-form-control-wrap\" data-name=\"text-669\"><input size=\"40\" maxlength=\"400\" class=\"wpcf7-form-control wpcf7-text wpcf7-validates-as-required\" aria-required=\"true\" aria-invalid=\"false\" placeholder=\"Su nombre\" value=\"\" type=\"text\" name=\"text-669\" \/><\/span>\n\t<\/p>\n<\/div>\n<div style=\"margin-bottom:0.6em\">\n\t<p><span class=\"wpcf7-form-control-wrap\" data-name=\"email-507\"><input size=\"40\" maxlength=\"400\" class=\"wpcf7-form-control wpcf7-email wpcf7-validates-as-required wpcf7-text wpcf7-validates-as-email\" aria-required=\"true\" aria-invalid=\"false\" placeholder=\"Su correo electr\u00f3nico\" value=\"\" type=\"email\" name=\"email-507\" \/><\/span>\n\t<\/p>\n<\/div>\n<div style=\"margin-bottom:0.6em\">\n\t<p><span class=\"wpcf7-form-control-wrap\" data-name=\"tel-785\"><input size=\"40\" maxlength=\"400\" class=\"wpcf7-form-control wpcf7-tel wpcf7-validates-as-required wpcf7-text wpcf7-validates-as-tel\" aria-required=\"true\" aria-invalid=\"false\" placeholder=\"Tu-Tel\u00e9fono\" value=\"\" type=\"tel\" name=\"tel-785\" \/><\/span>\n\t<\/p>\n<\/div>\n<div style=\"margin-bottom:0.6em\">\n\t<p><span class=\"wpcf7-form-control-wrap\" data-name=\"your-message\"><textarea cols=\"40\" rows=\"10\" maxlength=\"2000\" class=\"wpcf7-form-control wpcf7-textarea\" aria-invalid=\"false\" placeholder=\"Introduzca los detalles de su consulta, como nombre del producto, color, tama\u00f1o, MOQ, FOB, etc.\" name=\"your-message\"><\/textarea><\/span>\n\t<\/p>\n<\/div>\n<p><input class=\"wpcf7-form-control wpcf7-submit has-spinner\" type=\"submit\" value=\"Enviar\" \/>\n<\/p><input type='hidden' class='wpcf7-pum' value='{\"closepopup\":false,\"closedelay\":0,\"openpopup\":false,\"openpopup_id\":0}' \/><div class=\"wpcf7-response-output\" aria-hidden=\"true\"><\/div>\n<input type=\"hidden\" name=\"trp-form-language\" value=\"es\"\/><\/form>\n<\/div>\n\n<\/div>\n<\/div><\/div>\n\n\n\n<p><\/p>","protected":false},"excerpt":{"rendered":"<p>contact us Feel free to contact us. We\u2019d love to hear from you. GET IN TOUCH Email For Inquiry info@wiltbearings.com Phone Number +86-17873131543 Address Room 1159, 1st Floor, Building 2, Puluhui Wanyu Digital Valley, No. 318-38, Dongrui 4th Road, Xintang Street, Xiaoshan District, Hangzhou, Zhejiang Province Send a Message If you are interested in our [&hellip;]<\/p>\n","protected":false},"author":1,"featured_media":0,"parent":0,"menu_order":0,"comment_status":"closed","ping_status":"closed","template":"","meta":{"_uag_custom_page_level_css":"","site-sidebar-layout":"default","site-content-layout":"page-builder","ast-site-content-layout":"full-width-container","site-content-style":"unboxed","site-sidebar-style":"unboxed","ast-global-header-display":"","ast-banner-title-visibility":"","ast-main-header-display":"","ast-hfb-above-header-display":"","ast-hfb-below-header-display":"","ast-hfb-mobile-header-display":"","site-post-title":"disabled","ast-breadcrumbs-content":"","ast-featured-img":"","footer-sml-layout":"","theme-transparent-header-meta":"enabled","adv-header-id-meta":"","stick-header-meta":"","header-above-stick-meta":"","header-main-stick-meta":"","header-below-stick-meta":"","astra-migrate-meta-layouts":"set","ast-page-background-enabled":"default","ast-page-background-meta":{"desktop":{"background-color":"","background-image":"","background-repeat":"repeat","background-position":"center center","background-size":"auto","background-attachment":"scroll","background-type":"","background-media":"","overlay-type":"","overlay-color":"","overlay-opacity":"","overlay-gradient":""},"tablet":{"background-color":"","background-image":"","background-repeat":"repeat","background-position":"center center","background-size":"auto","background-attachment":"scroll","background-type":"","background-media":"","overlay-type":"","overlay-color":"","overlay-opacity":"","overlay-gradient":""},"mobile":{"background-color":"","background-image":"","background-repeat":"repeat","background-position":"center center","background-size":"auto","background-attachment":"scroll","background-type":"","background-media":"","overlay-type":"","overlay-color":"","overlay-opacity":"","overlay-gradient":""}},"ast-content-background-meta":{"desktop":{"background-color":"var(--ast-global-color-5)","background-image":"","background-repeat":"repeat","background-position":"center center","background-size":"auto","background-attachment":"scroll","background-type":"","background-media":"","overlay-type":"","overlay-color":"","overlay-opacity":"","overlay-gradient":""},"tablet":{"background-color":"var(--ast-global-color-5)","background-image":"","background-repeat":"repeat","background-position":"center center","background-size":"auto","background-attachment":"scroll","background-type":"","background-media":"","overlay-type":"","overlay-color":"","overlay-opacity":"","overlay-gradient":""},"mobile":{"background-color":"var(--ast-global-color-5)","background-image":"","background-repeat":"repeat","background-position":"center center","background-size":"auto","background-attachment":"scroll","background-type":"","background-media":"","overlay-type":"","overlay-color":"","overlay-opacity":"","overlay-gradient":""}},"footnotes":""},"class_list":["post-1072","page","type-page","status-publish","hentry"],"uagb_featured_image_src":{"full":false,"thumbnail":false,"medium":false,"medium_large":false,"large":false,"1536x1536":false,"2048x2048":false,"trp-custom-language-flag":false,"woocommerce_thumbnail":false,"woocommerce_single":false,"woocommerce_gallery_thumbnail":false},"uagb_author_info":{"display_name":"wiltbearings@gmail.com","author_link":"https:\/\/wiltbearings.com\/es\/author\/wiltbearingsgmail-com\/"},"uagb_comment_info":0,"uagb_excerpt":"contact us Feel free to contact us. We\u2019d love to hear from you. GET IN TOUCH Email For Inquiry info@wiltbearings.com Phone Number +86-17873131543 Address Room 1159, 1st Floor, Building 2, Puluhui Wanyu Digital Valley, No. 318-38, Dongrui 4th Road, Xintang Street, Xiaoshan District, Hangzhou, Zhejiang Province Send a Message If you are interested in our&hellip;","_links":{"self":[{"href":"https:\/\/wiltbearings.com\/es\/wp-json\/wp\/v2\/pages\/1072","targetHints":{"allow":["GET"]}}],"collection":[{"href":"https:\/\/wiltbearings.com\/es\/wp-json\/wp\/v2\/pages"}],"about":[{"href":"https:\/\/wiltbearings.com\/es\/wp-json\/wp\/v2\/types\/page"}],"author":[{"embeddable":true,"href":"https:\/\/wiltbearings.com\/es\/wp-json\/wp\/v2\/users\/1"}],"replies":[{"embeddable":true,"href":"https:\/\/wiltbearings.com\/es\/wp-json\/wp\/v2\/comments?post=1072"}],"version-history":[{"count":8,"href":"https:\/\/wiltbearings.com\/es\/wp-json\/wp\/v2\/pages\/1072\/revisions"}],"predecessor-version":[{"id":2957,"href":"https:\/\/wiltbearings.com\/es\/wp-json\/wp\/v2\/pages\/1072\/revisions\/2957"}],"wp:attachment":[{"href":"https:\/\/wiltbearings.com\/es\/wp-json\/wp\/v2\/media?parent=1072"}],"curies":[{"name":"wp","href":"https:\/\/api.w.org\/{rel}","templated":true}]}}