{"id":3136,"date":"2025-10-08T07:15:22","date_gmt":"2025-10-08T07:15:22","guid":{"rendered":"https:\/\/wiltbearings.com\/?post_type=product&#038;p=3136"},"modified":"2025-10-08T08:44:53","modified_gmt":"2025-10-08T08:44:53","slug":"9017006-96328248-7467249","status":"publish","type":"product","link":"https:\/\/wiltbearings.com\/es\/product\/9017006-96328248-7467249\/","title":{"rendered":"9017006 \/ 96328248 \/ 7467249"},"content":{"rendered":"<p>Nombre del producto: Conjunto de rodamiento de cubo de rueda trasera<br \/>\nModelo: 9017006 \/ 96328248 \/ 7467249<br \/>\nN\u00famero OE: 512316<br \/>\nVeh\u00edculo Aplicable: Chevrolet Epica 2005-2012, Chery Oriental Son, Buick Excelle (Modelo antiguo)<br \/>\nPosici\u00f3n: Trasero<\/p>\n<p>Descripci\u00f3n:<br \/>\nConjunto de cojinete de cubo de rueda trasera de alta calidad dise\u00f1ado para un rendimiento fiable y una rotaci\u00f3n suave. Proporciona un ajuste preciso, mayor durabilidad y f\u00e1cil instalaci\u00f3n para una estabilidad a largo plazo.<\/p>","protected":false},"excerpt":{"rendered":"<p>Nombre del producto: Conjunto de cojinete de cubo de rueda trasera Modelo: 9017006 \/ 96328248 \/ 7467249 N\u00famero OE: 512316 Veh\u00edculo Aplicable: Chevrolet Epica 2005-2012, Chery Oriental Son, Buick Excelle (Modelo antiguo) Posici\u00f3n: Trasera Descripci\u00f3n: Conjunto de cojinete de cubo de rueda trasera de alta calidad dise\u00f1ado para un rendimiento fiable y una rotaci\u00f3n suave. Proporciona un ajuste preciso, mayor durabilidad y f\u00e1cil instalaci\u00f3n para una estabilidad a largo plazo.<\/p>","protected":false},"featured_media":3137,"comment_status":"open","ping_status":"closed","template":"","meta":{"_uag_custom_page_level_css":"","site-sidebar-layout":"default","site-content-layout":"","ast-site-content-layout":"default","site-content-style":"default","site-sidebar-style":"default","ast-global-header-display":"","ast-banner-title-visibility":"","ast-main-header-display":"","ast-hfb-above-header-display":"","ast-hfb-below-header-display":"","ast-hfb-mobile-header-display":"","site-post-title":"","ast-breadcrumbs-content":"","ast-featured-img":"","footer-sml-layout":"","theme-transparent-header-meta":"default","adv-header-id-meta":"","stick-header-meta":"","header-above-stick-meta":"","header-main-stick-meta":"","header-below-stick-meta":"","astra-migrate-meta-layouts":"set","ast-page-background-enabled":"default","ast-page-background-meta":{"desktop":{"background-color":"","background-image":"","background-repeat":"repeat","background-position":"center center","background-size":"auto","background-attachment":"scroll","background-type":"","background-media":"","overlay-type":"","overlay-color":"","overlay-opacity":"","overlay-gradient":""},"tablet":{"background-color":"","background-image":"","background-repeat":"repeat","background-position":"center center","background-size":"auto","background-attachment":"scroll","background-type":"","background-media":"","overlay-type":"","overlay-color":"","overlay-opacity":"","overlay-gradient":""},"mobile":{"background-color":"","background-image":"","background-repeat":"repeat","background-position":"center center","background-size":"auto","background-attachment":"scroll","background-type":"","background-media":"","overlay-type":"","overlay-color":"","overlay-opacity":"","overlay-gradient":""}},"ast-content-background-meta":{"desktop":{"background-color":"var(--ast-global-color-5)","background-image":"","background-repeat":"repeat","background-position":"center center","background-size":"auto","background-attachment":"scroll","background-type":"","background-media":"","overlay-type":"","overlay-color":"","overlay-opacity":"","overlay-gradient":""},"tablet":{"background-color":"var(--ast-global-color-5)","background-image":"","background-repeat":"repeat","background-position":"center center","background-size":"auto","background-attachment":"scroll","background-type":"","background-media":"","overlay-type":"","overlay-color":"","overlay-opacity":"","overlay-gradient":""},"mobile":{"background-color":"var(--ast-global-color-5)","background-image":"","background-repeat":"repeat","background-position":"center center","background-size":"auto","background-attachment":"scroll","background-type":"","background-media":"","overlay-type":"","overlay-color":"","overlay-opacity":"","overlay-gradient":""}}},"product_brand":[],"product_cat":[41],"product_tag":[],"class_list":{"0":"post-3136","1":"product","2":"type-product","3":"status-publish","4":"has-post-thumbnail","6":"product_cat-wheel-hub-assembly","7":"desktop-align-left","8":"tablet-align-left","9":"mobile-align-left","11":"first","12":"instock","13":"shipping-taxable","14":"product-type-simple"},"uagb_featured_image_src":{"full":["https:\/\/wiltbearings.com\/wp-content\/uploads\/2025\/10\/43.png",318,270,false],"thumbnail":["https:\/\/wiltbearings.com\/wp-content\/uploads\/2025\/10\/43-150x150.png",150,150,true],"medium":["https:\/\/wiltbearings.com\/wp-content\/uploads\/2025\/10\/43-300x255.png",300,255,true],"medium_large":["https:\/\/wiltbearings.com\/wp-content\/uploads\/2025\/10\/43.png",318,270,false],"large":["https:\/\/wiltbearings.com\/wp-content\/uploads\/2025\/10\/43.png",318,270,false],"1536x1536":["https:\/\/wiltbearings.com\/wp-content\/uploads\/2025\/10\/43.png",318,270,false],"2048x2048":["https:\/\/wiltbearings.com\/wp-content\/uploads\/2025\/10\/43.png",318,270,false],"trp-custom-language-flag":["https:\/\/wiltbearings.com\/wp-content\/uploads\/2025\/10\/43-14x12.png",14,12,true],"woocommerce_thumbnail":["https:\/\/wiltbearings.com\/wp-content\/uploads\/2025\/10\/43-300x270.png",300,270,true],"woocommerce_single":["https:\/\/wiltbearings.com\/wp-content\/uploads\/2025\/10\/43.png",318,270,false],"woocommerce_gallery_thumbnail":["https:\/\/wiltbearings.com\/wp-content\/uploads\/2025\/10\/43-100x100.png",100,100,true]},"uagb_author_info":{"display_name":"simon","author_link":"https:\/\/wiltbearings.com\/es\/author\/"},"uagb_comment_info":0,"uagb_excerpt":"Product Name: Rear Wheel Hub Bearing Assembly Model: 9017006 \/ 96328248 \/ 7467249 OE Number: 512316 Applicable Vehicle: Chevrolet Epica 2005\u20132012, Chery Oriental Son, Buick Excelle (Old Model) Position: Rear Description: High-quality rear wheel hub bearing assembly designed for reliable performance and smooth rotation. Provides precise fit, enhanced durability, and easy installation for long-term stability.","_links":{"self":[{"href":"https:\/\/wiltbearings.com\/es\/wp-json\/wp\/v2\/product\/3136","targetHints":{"allow":["GET"]}}],"collection":[{"href":"https:\/\/wiltbearings.com\/es\/wp-json\/wp\/v2\/product"}],"about":[{"href":"https:\/\/wiltbearings.com\/es\/wp-json\/wp\/v2\/types\/product"}],"replies":[{"embeddable":true,"href":"https:\/\/wiltbearings.com\/es\/wp-json\/wp\/v2\/comments?post=3136"}],"wp:featuredmedia":[{"embeddable":true,"href":"https:\/\/wiltbearings.com\/es\/wp-json\/wp\/v2\/media\/3137"}],"wp:attachment":[{"href":"https:\/\/wiltbearings.com\/es\/wp-json\/wp\/v2\/media?parent=3136"}],"wp:term":[{"taxonomy":"product_brand","embeddable":true,"href":"https:\/\/wiltbearings.com\/es\/wp-json\/wp\/v2\/product_brand?post=3136"},{"taxonomy":"product_cat","embeddable":true,"href":"https:\/\/wiltbearings.com\/es\/wp-json\/wp\/v2\/product_cat?post=3136"},{"taxonomy":"product_tag","embeddable":true,"href":"https:\/\/wiltbearings.com\/es\/wp-json\/wp\/v2\/product_tag?post=3136"}],"curies":[{"name":"wp","href":"https:\/\/api.w.org\/{rel}","templated":true}]}}