{"id":3032,"date":"2025-10-07T07:00:43","date_gmt":"2025-10-07T07:00:43","guid":{"rendered":"https:\/\/wiltbearings.com\/?post_type=product&#038;p=3032"},"modified":"2025-10-07T07:00:43","modified_gmt":"2025-10-07T07:00:43","slug":"43550-0r040-42450-42010-3dacf041d-3dr-43550-42010-br930615-bljbd326024","status":"publish","type":"product","link":"https:\/\/wiltbearings.com\/fr\/product\/43550-0r040-42450-42010-3dacf041d-3dr-43550-42010-br930615-bljbd326024\/","title":{"rendered":"43550-0R040 42450-42010 3DACF041D-3DR 43550-42010 BR930615 (BLJBD326024)"},"content":{"rendered":"<p>Nom du produit : Roulement de moyeu de roue avant<br \/>\nMod\u00e8le : 43550-0R040 \/ 42450-42010 \/ 3DACF041D-3DR \/ 43550-42010 \/ BR930615 (BLJBD326024)<br \/>\nNum\u00e9ro OE : 513257<br \/>\nV\u00e9hicules concern\u00e9s : Toyota Corolla, Levin, RAV4 (Auto, 26 dents), Lifan 720 \/ X60, Hanteng X5, Zotye Z300<br \/>\nPosition : Avant<\/p>\n<p>Description :<br \/>\nEnsemble de roulements de moyeu de roue avant de premi\u00e8re qualit\u00e9 con\u00e7u pour les mod\u00e8les Toyota, Lifan, Hanteng et Zotye. Fabriqu\u00e9 en acier \u00e0 haute r\u00e9sistance pour une excellente durabilit\u00e9, un ajustement pr\u00e9cis et une rotation en douceur. Offre des performances stables, un faible niveau de bruit et un remplacement direct de l'OEM 513257.<\/p>","protected":false},"excerpt":{"rendered":"<p>Product Name: Front Wheel Hub Bearing Assembly Model: 43550-0R040 \/ 42450-42010 \/ 3DACF041D-3DR \/ 43550-42010 \/ BR930615 (BLJBD326024) OE Number: 513257 Applicable Vehicles: Toyota Corolla, Levin, RAV4 (Auto, 26 Teeth), Lifan 720 \/ X60, Hanteng X5, Zotye Z300 Position: Front Description: Premium front wheel hub bearing assembly engineered for Toyota, Lifan, Hanteng, and Zotye models. [&hellip;]<\/p>\n","protected":false},"featured_media":3033,"comment_status":"open","ping_status":"closed","template":"","meta":{"_uag_custom_page_level_css":"","site-sidebar-layout":"default","site-content-layout":"","ast-site-content-layout":"default","site-content-style":"default","site-sidebar-style":"default","ast-global-header-display":"","ast-banner-title-visibility":"","ast-main-header-display":"","ast-hfb-above-header-display":"","ast-hfb-below-header-display":"","ast-hfb-mobile-header-display":"","site-post-title":"","ast-breadcrumbs-content":"","ast-featured-img":"","footer-sml-layout":"","theme-transparent-header-meta":"default","adv-header-id-meta":"","stick-header-meta":"","header-above-stick-meta":"","header-main-stick-meta":"","header-below-stick-meta":"","astra-migrate-meta-layouts":"set","ast-page-background-enabled":"default","ast-page-background-meta":{"desktop":{"background-color":"","background-image":"","background-repeat":"repeat","background-position":"center center","background-size":"auto","background-attachment":"scroll","background-type":"","background-media":"","overlay-type":"","overlay-color":"","overlay-opacity":"","overlay-gradient":""},"tablet":{"background-color":"","background-image":"","background-repeat":"repeat","background-position":"center center","background-size":"auto","background-attachment":"scroll","background-type":"","background-media":"","overlay-type":"","overlay-color":"","overlay-opacity":"","overlay-gradient":""},"mobile":{"background-color":"","background-image":"","background-repeat":"repeat","background-position":"center center","background-size":"auto","background-attachment":"scroll","background-type":"","background-media":"","overlay-type":"","overlay-color":"","overlay-opacity":"","overlay-gradient":""}},"ast-content-background-meta":{"desktop":{"background-color":"var(--ast-global-color-5)","background-image":"","background-repeat":"repeat","background-position":"center center","background-size":"auto","background-attachment":"scroll","background-type":"","background-media":"","overlay-type":"","overlay-color":"","overlay-opacity":"","overlay-gradient":""},"tablet":{"background-color":"var(--ast-global-color-5)","background-image":"","background-repeat":"repeat","background-position":"center center","background-size":"auto","background-attachment":"scroll","background-type":"","background-media":"","overlay-type":"","overlay-color":"","overlay-opacity":"","overlay-gradient":""},"mobile":{"background-color":"var(--ast-global-color-5)","background-image":"","background-repeat":"repeat","background-position":"center center","background-size":"auto","background-attachment":"scroll","background-type":"","background-media":"","overlay-type":"","overlay-color":"","overlay-opacity":"","overlay-gradient":""}}},"product_brand":[],"product_cat":[41],"product_tag":[],"class_list":{"0":"post-3032","1":"product","2":"type-product","3":"status-publish","4":"has-post-thumbnail","6":"product_cat-wheel-hub-assembly","7":"desktop-align-left","8":"tablet-align-left","9":"mobile-align-left","11":"first","12":"instock","13":"shipping-taxable","14":"product-type-simple"},"uagb_featured_image_src":{"full":["https:\/\/wiltbearings.com\/wp-content\/uploads\/2025\/10\/7.png",419,339,false],"thumbnail":["https:\/\/wiltbearings.com\/wp-content\/uploads\/2025\/10\/7-150x150.png",150,150,true],"medium":["https:\/\/wiltbearings.com\/wp-content\/uploads\/2025\/10\/7-300x243.png",300,243,true],"medium_large":["https:\/\/wiltbearings.com\/wp-content\/uploads\/2025\/10\/7.png",419,339,false],"large":["https:\/\/wiltbearings.com\/wp-content\/uploads\/2025\/10\/7.png",419,339,false],"1536x1536":["https:\/\/wiltbearings.com\/wp-content\/uploads\/2025\/10\/7.png",419,339,false],"2048x2048":["https:\/\/wiltbearings.com\/wp-content\/uploads\/2025\/10\/7.png",419,339,false],"trp-custom-language-flag":["https:\/\/wiltbearings.com\/wp-content\/uploads\/2025\/10\/7-15x12.png",15,12,true],"woocommerce_thumbnail":["https:\/\/wiltbearings.com\/wp-content\/uploads\/2025\/10\/7-300x300.png",300,300,true],"woocommerce_single":["https:\/\/wiltbearings.com\/wp-content\/uploads\/2025\/10\/7-400x324.png",400,324,true],"woocommerce_gallery_thumbnail":["https:\/\/wiltbearings.com\/wp-content\/uploads\/2025\/10\/7-100x100.png",100,100,true]},"uagb_author_info":{"display_name":"simon","author_link":"https:\/\/wiltbearings.com\/fr\/author\/"},"uagb_comment_info":0,"uagb_excerpt":"Product Name: Front Wheel Hub Bearing Assembly Model: 43550-0R040 \/ 42450-42010 \/ 3DACF041D-3DR \/ 43550-42010 \/ BR930615 (BLJBD326024) OE Number: 513257 Applicable Vehicles: Toyota Corolla, Levin, RAV4 (Auto, 26 Teeth), Lifan 720 \/ X60, Hanteng X5, Zotye Z300 Position: Front Description: Premium front wheel hub bearing assembly engineered for Toyota, Lifan, Hanteng, and Zotye models.\u2026","_links":{"self":[{"href":"https:\/\/wiltbearings.com\/fr\/wp-json\/wp\/v2\/product\/3032","targetHints":{"allow":["GET"]}}],"collection":[{"href":"https:\/\/wiltbearings.com\/fr\/wp-json\/wp\/v2\/product"}],"about":[{"href":"https:\/\/wiltbearings.com\/fr\/wp-json\/wp\/v2\/types\/product"}],"replies":[{"embeddable":true,"href":"https:\/\/wiltbearings.com\/fr\/wp-json\/wp\/v2\/comments?post=3032"}],"wp:featuredmedia":[{"embeddable":true,"href":"https:\/\/wiltbearings.com\/fr\/wp-json\/wp\/v2\/media\/3033"}],"wp:attachment":[{"href":"https:\/\/wiltbearings.com\/fr\/wp-json\/wp\/v2\/media?parent=3032"}],"wp:term":[{"taxonomy":"product_brand","embeddable":true,"href":"https:\/\/wiltbearings.com\/fr\/wp-json\/wp\/v2\/product_brand?post=3032"},{"taxonomy":"product_cat","embeddable":true,"href":"https:\/\/wiltbearings.com\/fr\/wp-json\/wp\/v2\/product_cat?post=3032"},{"taxonomy":"product_tag","embeddable":true,"href":"https:\/\/wiltbearings.com\/fr\/wp-json\/wp\/v2\/product_tag?post=3032"}],"curies":[{"name":"wp","href":"https:\/\/api.w.org\/{rel}","templated":true}]}}