{"id":3197,"date":"2025-10-08T09:20:57","date_gmt":"2025-10-08T09:20:57","guid":{"rendered":"https:\/\/wiltbearings.com\/?post_type=product&#038;p=3197"},"modified":"2025-10-08T09:20:57","modified_gmt":"2025-10-08T09:20:57","slug":"1k0498621-10124926-w717-vkba6556-bljbd336004","status":"publish","type":"product","link":"https:\/\/wiltbearings.com\/fr\/product\/1k0498621-10124926-w717-vkba6556-bljbd336004\/","title":{"rendered":"1K0498621 \/ 10124926 \/ W717 \/ VKBA6556 (BLJBD336004)"},"content":{"rendered":"<p>Nom du produit : Roulement de moyeu de roue avant<br \/>\nMod\u00e8le : 1K0498621 \/ 10124926 \/ W717 \/ VKBA6556 (BLJBD336004)<br \/>\nNum\u00e9ro OE : 513262<br \/>\nV\u00e9hicule concern\u00e9 : Volkswagen Jetta, Octavia (3 trous)<br \/>\nPosition : Avant<\/p>\n<p>Description :<br \/>\nRoulement de moyeu de roue avant de haute qualit\u00e9 pour Volkswagen Jetta et Octavia. Assure une rotation fluide, des performances fiables et une durabilit\u00e9 \u00e0 long terme, avec un ajustement OEM pr\u00e9cis pour une installation facile.<\/p>","protected":false},"excerpt":{"rendered":"<p>Nom du produit : Roulement de moyeu de roue avant Mod\u00e8le : 1K0498621 \/ 10124926 \/ W717 \/ VKBA6556 (BLJBD336004) Num\u00e9ro OE : 513262 V\u00e9hicule concern\u00e9 : Volkswagen Jetta, Octavia (3 trous) Position : Avant Description : Roulement de moyeu de roue avant de haute qualit\u00e9 pour Volkswagen Jetta et Octavia. Garantit une rotation fluide, une performance fiable et une durabilit\u00e9 \u00e0 long terme avec un ajustement OEM pr\u00e9cis pour une installation facile.<\/p>","protected":false},"featured_media":3198,"comment_status":"open","ping_status":"closed","template":"","meta":{"_uag_custom_page_level_css":"","site-sidebar-layout":"default","site-content-layout":"","ast-site-content-layout":"default","site-content-style":"default","site-sidebar-style":"default","ast-global-header-display":"","ast-banner-title-visibility":"","ast-main-header-display":"","ast-hfb-above-header-display":"","ast-hfb-below-header-display":"","ast-hfb-mobile-header-display":"","site-post-title":"","ast-breadcrumbs-content":"","ast-featured-img":"","footer-sml-layout":"","theme-transparent-header-meta":"default","adv-header-id-meta":"","stick-header-meta":"","header-above-stick-meta":"","header-main-stick-meta":"","header-below-stick-meta":"","astra-migrate-meta-layouts":"set","ast-page-background-enabled":"default","ast-page-background-meta":{"desktop":{"background-color":"","background-image":"","background-repeat":"repeat","background-position":"center center","background-size":"auto","background-attachment":"scroll","background-type":"","background-media":"","overlay-type":"","overlay-color":"","overlay-opacity":"","overlay-gradient":""},"tablet":{"background-color":"","background-image":"","background-repeat":"repeat","background-position":"center center","background-size":"auto","background-attachment":"scroll","background-type":"","background-media":"","overlay-type":"","overlay-color":"","overlay-opacity":"","overlay-gradient":""},"mobile":{"background-color":"","background-image":"","background-repeat":"repeat","background-position":"center center","background-size":"auto","background-attachment":"scroll","background-type":"","background-media":"","overlay-type":"","overlay-color":"","overlay-opacity":"","overlay-gradient":""}},"ast-content-background-meta":{"desktop":{"background-color":"var(--ast-global-color-5)","background-image":"","background-repeat":"repeat","background-position":"center center","background-size":"auto","background-attachment":"scroll","background-type":"","background-media":"","overlay-type":"","overlay-color":"","overlay-opacity":"","overlay-gradient":""},"tablet":{"background-color":"var(--ast-global-color-5)","background-image":"","background-repeat":"repeat","background-position":"center center","background-size":"auto","background-attachment":"scroll","background-type":"","background-media":"","overlay-type":"","overlay-color":"","overlay-opacity":"","overlay-gradient":""},"mobile":{"background-color":"var(--ast-global-color-5)","background-image":"","background-repeat":"repeat","background-position":"center center","background-size":"auto","background-attachment":"scroll","background-type":"","background-media":"","overlay-type":"","overlay-color":"","overlay-opacity":"","overlay-gradient":""}}},"product_brand":[],"product_cat":[41],"product_tag":[],"class_list":{"0":"post-3197","1":"product","2":"type-product","3":"status-publish","4":"has-post-thumbnail","6":"product_cat-wheel-hub-assembly","7":"desktop-align-left","8":"tablet-align-left","9":"mobile-align-left","11":"first","12":"instock","13":"shipping-taxable","14":"product-type-simple"},"uagb_featured_image_src":{"full":["https:\/\/wiltbearings.com\/wp-content\/uploads\/2025\/10\/70.png",319,314,false],"thumbnail":["https:\/\/wiltbearings.com\/wp-content\/uploads\/2025\/10\/70-150x150.png",150,150,true],"medium":["https:\/\/wiltbearings.com\/wp-content\/uploads\/2025\/10\/70-300x295.png",300,295,true],"medium_large":["https:\/\/wiltbearings.com\/wp-content\/uploads\/2025\/10\/70.png",319,314,false],"large":["https:\/\/wiltbearings.com\/wp-content\/uploads\/2025\/10\/70.png",319,314,false],"1536x1536":["https:\/\/wiltbearings.com\/wp-content\/uploads\/2025\/10\/70.png",319,314,false],"2048x2048":["https:\/\/wiltbearings.com\/wp-content\/uploads\/2025\/10\/70.png",319,314,false],"trp-custom-language-flag":["https:\/\/wiltbearings.com\/wp-content\/uploads\/2025\/10\/70-12x12.png",12,12,true],"woocommerce_thumbnail":["https:\/\/wiltbearings.com\/wp-content\/uploads\/2025\/10\/70-300x300.png",300,300,true],"woocommerce_single":["https:\/\/wiltbearings.com\/wp-content\/uploads\/2025\/10\/70.png",319,314,false],"woocommerce_gallery_thumbnail":["https:\/\/wiltbearings.com\/wp-content\/uploads\/2025\/10\/70-100x100.png",100,100,true]},"uagb_author_info":{"display_name":"simon","author_link":"https:\/\/wiltbearings.com\/fr\/author\/"},"uagb_comment_info":0,"uagb_excerpt":"Product Name: Front Wheel Hub Bearing Assembly Model: 1K0498621 \/ 10124926 \/ W717 \/ VKBA6556 (BLJBD336004) OE Number: 513262 Applicable Vehicle: Volkswagen Jetta, Octavia (3-hole) Position: Front Description: High-quality front wheel hub bearing assembly for Volkswagen Jetta and Octavia. Ensures smooth rotation, reliable performance, and long-lasting durability with precise OEM fit for easy installation.","_links":{"self":[{"href":"https:\/\/wiltbearings.com\/fr\/wp-json\/wp\/v2\/product\/3197","targetHints":{"allow":["GET"]}}],"collection":[{"href":"https:\/\/wiltbearings.com\/fr\/wp-json\/wp\/v2\/product"}],"about":[{"href":"https:\/\/wiltbearings.com\/fr\/wp-json\/wp\/v2\/types\/product"}],"replies":[{"embeddable":true,"href":"https:\/\/wiltbearings.com\/fr\/wp-json\/wp\/v2\/comments?post=3197"}],"wp:featuredmedia":[{"embeddable":true,"href":"https:\/\/wiltbearings.com\/fr\/wp-json\/wp\/v2\/media\/3198"}],"wp:attachment":[{"href":"https:\/\/wiltbearings.com\/fr\/wp-json\/wp\/v2\/media?parent=3197"}],"wp:term":[{"taxonomy":"product_brand","embeddable":true,"href":"https:\/\/wiltbearings.com\/fr\/wp-json\/wp\/v2\/product_brand?post=3197"},{"taxonomy":"product_cat","embeddable":true,"href":"https:\/\/wiltbearings.com\/fr\/wp-json\/wp\/v2\/product_cat?post=3197"},{"taxonomy":"product_tag","embeddable":true,"href":"https:\/\/wiltbearings.com\/fr\/wp-json\/wp\/v2\/product_tag?post=3197"}],"curies":[{"name":"wp","href":"https:\/\/api.w.org\/{rel}","templated":true}]}}