{"id":3235,"date":"2025-10-09T03:31:43","date_gmt":"2025-10-09T03:31:43","guid":{"rendered":"https:\/\/wiltbearings.com\/?post_type=product&#038;p=3235"},"modified":"2025-10-09T03:31:43","modified_gmt":"2025-10-09T03:31:43","slug":"3103j10-0010-a52","status":"publish","type":"product","link":"https:\/\/wiltbearings.com\/fr\/product\/3103j10-0010-a52\/","title":{"rendered":"3103J10-0010 \/ A52"},"content":{"rendered":"<p>Nom du produit : Roulement de moyeu de roue avant<br \/>\nMod\u00e8le : 3103J10-0010 \/ A52<br \/>\nV\u00e9hicule concern\u00e9 : Karry J10, Effi J10 (Avant)<br \/>\nPosition : Avant<\/p>\n<p>Description :<br \/>\nEnsemble de roulements de moyeu de roue avant de haute qualit\u00e9 pour les mod\u00e8les Karry et Effi J10. Assure une rotation fluide, un ajustement pr\u00e9cis et des performances fiables \u00e0 long terme.<\/p>","protected":false},"excerpt":{"rendered":"<p>Nom du produit : Roulement de moyeu de roue avant Mod\u00e8le : 3103J10-0010 \/ A52 V\u00e9hicule concern\u00e9 : Karry J10, Effi J10 (Avant) Position : Avant Description : Roulement de moyeu de roue avant de haute qualit\u00e9 pour les mod\u00e8les Karry et Effi J10. Assure une rotation en douceur, un ajustement pr\u00e9cis et une performance fiable \u00e0 long terme.<\/p>","protected":false},"featured_media":3236,"comment_status":"open","ping_status":"closed","template":"","meta":{"_uag_custom_page_level_css":"","site-sidebar-layout":"default","site-content-layout":"","ast-site-content-layout":"default","site-content-style":"default","site-sidebar-style":"default","ast-global-header-display":"","ast-banner-title-visibility":"","ast-main-header-display":"","ast-hfb-above-header-display":"","ast-hfb-below-header-display":"","ast-hfb-mobile-header-display":"","site-post-title":"","ast-breadcrumbs-content":"","ast-featured-img":"","footer-sml-layout":"","theme-transparent-header-meta":"default","adv-header-id-meta":"","stick-header-meta":"","header-above-stick-meta":"","header-main-stick-meta":"","header-below-stick-meta":"","astra-migrate-meta-layouts":"set","ast-page-background-enabled":"default","ast-page-background-meta":{"desktop":{"background-color":"","background-image":"","background-repeat":"repeat","background-position":"center center","background-size":"auto","background-attachment":"scroll","background-type":"","background-media":"","overlay-type":"","overlay-color":"","overlay-opacity":"","overlay-gradient":""},"tablet":{"background-color":"","background-image":"","background-repeat":"repeat","background-position":"center center","background-size":"auto","background-attachment":"scroll","background-type":"","background-media":"","overlay-type":"","overlay-color":"","overlay-opacity":"","overlay-gradient":""},"mobile":{"background-color":"","background-image":"","background-repeat":"repeat","background-position":"center center","background-size":"auto","background-attachment":"scroll","background-type":"","background-media":"","overlay-type":"","overlay-color":"","overlay-opacity":"","overlay-gradient":""}},"ast-content-background-meta":{"desktop":{"background-color":"var(--ast-global-color-5)","background-image":"","background-repeat":"repeat","background-position":"center center","background-size":"auto","background-attachment":"scroll","background-type":"","background-media":"","overlay-type":"","overlay-color":"","overlay-opacity":"","overlay-gradient":""},"tablet":{"background-color":"var(--ast-global-color-5)","background-image":"","background-repeat":"repeat","background-position":"center center","background-size":"auto","background-attachment":"scroll","background-type":"","background-media":"","overlay-type":"","overlay-color":"","overlay-opacity":"","overlay-gradient":""},"mobile":{"background-color":"var(--ast-global-color-5)","background-image":"","background-repeat":"repeat","background-position":"center center","background-size":"auto","background-attachment":"scroll","background-type":"","background-media":"","overlay-type":"","overlay-color":"","overlay-opacity":"","overlay-gradient":""}}},"product_brand":[],"product_cat":[41],"product_tag":[],"class_list":{"0":"post-3235","1":"product","2":"type-product","3":"status-publish","4":"has-post-thumbnail","6":"product_cat-wheel-hub-assembly","7":"desktop-align-left","8":"tablet-align-left","9":"mobile-align-left","11":"first","12":"instock","13":"shipping-taxable","14":"product-type-simple"},"uagb_featured_image_src":{"full":["https:\/\/wiltbearings.com\/wp-content\/uploads\/2025\/10\/86.png",1104,1233,false],"thumbnail":["https:\/\/wiltbearings.com\/wp-content\/uploads\/2025\/10\/86-150x150.png",150,150,true],"medium":["https:\/\/wiltbearings.com\/wp-content\/uploads\/2025\/10\/86-269x300.png",269,300,true],"medium_large":["https:\/\/wiltbearings.com\/wp-content\/uploads\/2025\/10\/86-768x858.png",768,858,true],"large":["https:\/\/wiltbearings.com\/wp-content\/uploads\/2025\/10\/86-917x1024.png",917,1024,true],"1536x1536":["https:\/\/wiltbearings.com\/wp-content\/uploads\/2025\/10\/86.png",1104,1233,false],"2048x2048":["https:\/\/wiltbearings.com\/wp-content\/uploads\/2025\/10\/86.png",1104,1233,false],"trp-custom-language-flag":["https:\/\/wiltbearings.com\/wp-content\/uploads\/2025\/10\/86-11x12.png",11,12,true],"woocommerce_thumbnail":["https:\/\/wiltbearings.com\/wp-content\/uploads\/2025\/10\/86-300x300.png",300,300,true],"woocommerce_single":["https:\/\/wiltbearings.com\/wp-content\/uploads\/2025\/10\/86-400x447.png",400,447,true],"woocommerce_gallery_thumbnail":["https:\/\/wiltbearings.com\/wp-content\/uploads\/2025\/10\/86-100x100.png",100,100,true]},"uagb_author_info":{"display_name":"simon","author_link":"https:\/\/wiltbearings.com\/fr\/author\/"},"uagb_comment_info":0,"uagb_excerpt":"Product Name: Front Wheel Hub Bearing Assembly Model: 3103J10-0010 \/ A52 Applicable Vehicle: Karry J10, Effi J10 (Front) Position: Front Description: High-quality front wheel hub bearing assembly for Karry and Effi J10 models. Ensures smooth rotation, precise fit, and reliable long-term performance.","_links":{"self":[{"href":"https:\/\/wiltbearings.com\/fr\/wp-json\/wp\/v2\/product\/3235","targetHints":{"allow":["GET"]}}],"collection":[{"href":"https:\/\/wiltbearings.com\/fr\/wp-json\/wp\/v2\/product"}],"about":[{"href":"https:\/\/wiltbearings.com\/fr\/wp-json\/wp\/v2\/types\/product"}],"replies":[{"embeddable":true,"href":"https:\/\/wiltbearings.com\/fr\/wp-json\/wp\/v2\/comments?post=3235"}],"wp:featuredmedia":[{"embeddable":true,"href":"https:\/\/wiltbearings.com\/fr\/wp-json\/wp\/v2\/media\/3236"}],"wp:attachment":[{"href":"https:\/\/wiltbearings.com\/fr\/wp-json\/wp\/v2\/media?parent=3235"}],"wp:term":[{"taxonomy":"product_brand","embeddable":true,"href":"https:\/\/wiltbearings.com\/fr\/wp-json\/wp\/v2\/product_brand?post=3235"},{"taxonomy":"product_cat","embeddable":true,"href":"https:\/\/wiltbearings.com\/fr\/wp-json\/wp\/v2\/product_cat?post=3235"},{"taxonomy":"product_tag","embeddable":true,"href":"https:\/\/wiltbearings.com\/fr\/wp-json\/wp\/v2\/product_tag?post=3235"}],"curies":[{"name":"wp","href":"https:\/\/api.w.org\/{rel}","templated":true}]}}