{"id":3243,"date":"2025-10-09T03:37:50","date_gmt":"2025-10-09T03:37:50","guid":{"rendered":"https:\/\/wiltbearings.com\/?post_type=product&#038;p=3243"},"modified":"2025-10-09T03:37:50","modified_gmt":"2025-10-09T03:37:50","slug":"ha-3103100-b37-26t-haev-3103100-w-b37","status":"publish","type":"product","link":"https:\/\/wiltbearings.com\/fr\/product\/ha-3103100-b37-26t-haev-3103100-w-b37\/","title":{"rendered":"HA-3103100 B37 (26T) \/ HAEV-3103100 \/ W-B37"},"content":{"rendered":"<p>Nom du produit : Roulement de moyeu de roue avant<br \/>\nMod\u00e8le : HA-3103100 B37 (26T) \/ HAEV-3103100 \/ W-B37<br \/>\nV\u00e9hicule concern\u00e9 : BYD Qin, Qin EV, Surui (avant)<br \/>\nPosition : Avant<\/p>\n<p>Description :<br \/>\nRoulement de moyeu de roue avant de haute qualit\u00e9 pour la s\u00e9rie BYD Qin. Assure une rotation fluide, un ajustement pr\u00e9cis et des performances fiables pour une conduite s\u00fbre et stable.<\/p>","protected":false},"excerpt":{"rendered":"<p>Nom du produit : Roulement de moyeu de roue avant Mod\u00e8le : HA-3103100 B37 (26T) \/ HAEV-3103100 \/ W-B37 V\u00e9hicule concern\u00e9 : BYD Qin, Qin EV, Surui (Avant) Position : Avant Description : Roulement de moyeu de roue avant de haute qualit\u00e9 pour la s\u00e9rie BYD Qin. Assure une rotation fluide, un ajustement pr\u00e9cis et des performances fiables pour une conduite s\u00fbre et stable.<\/p>","protected":false},"featured_media":3244,"comment_status":"open","ping_status":"closed","template":"","meta":{"_uag_custom_page_level_css":"","site-sidebar-layout":"default","site-content-layout":"","ast-site-content-layout":"default","site-content-style":"default","site-sidebar-style":"default","ast-global-header-display":"","ast-banner-title-visibility":"","ast-main-header-display":"","ast-hfb-above-header-display":"","ast-hfb-below-header-display":"","ast-hfb-mobile-header-display":"","site-post-title":"","ast-breadcrumbs-content":"","ast-featured-img":"","footer-sml-layout":"","theme-transparent-header-meta":"default","adv-header-id-meta":"","stick-header-meta":"","header-above-stick-meta":"","header-main-stick-meta":"","header-below-stick-meta":"","astra-migrate-meta-layouts":"set","ast-page-background-enabled":"default","ast-page-background-meta":{"desktop":{"background-color":"","background-image":"","background-repeat":"repeat","background-position":"center center","background-size":"auto","background-attachment":"scroll","background-type":"","background-media":"","overlay-type":"","overlay-color":"","overlay-opacity":"","overlay-gradient":""},"tablet":{"background-color":"","background-image":"","background-repeat":"repeat","background-position":"center center","background-size":"auto","background-attachment":"scroll","background-type":"","background-media":"","overlay-type":"","overlay-color":"","overlay-opacity":"","overlay-gradient":""},"mobile":{"background-color":"","background-image":"","background-repeat":"repeat","background-position":"center center","background-size":"auto","background-attachment":"scroll","background-type":"","background-media":"","overlay-type":"","overlay-color":"","overlay-opacity":"","overlay-gradient":""}},"ast-content-background-meta":{"desktop":{"background-color":"var(--ast-global-color-5)","background-image":"","background-repeat":"repeat","background-position":"center center","background-size":"auto","background-attachment":"scroll","background-type":"","background-media":"","overlay-type":"","overlay-color":"","overlay-opacity":"","overlay-gradient":""},"tablet":{"background-color":"var(--ast-global-color-5)","background-image":"","background-repeat":"repeat","background-position":"center center","background-size":"auto","background-attachment":"scroll","background-type":"","background-media":"","overlay-type":"","overlay-color":"","overlay-opacity":"","overlay-gradient":""},"mobile":{"background-color":"var(--ast-global-color-5)","background-image":"","background-repeat":"repeat","background-position":"center center","background-size":"auto","background-attachment":"scroll","background-type":"","background-media":"","overlay-type":"","overlay-color":"","overlay-opacity":"","overlay-gradient":""}}},"product_brand":[],"product_cat":[41],"product_tag":[],"class_list":{"0":"post-3243","1":"product","2":"type-product","3":"status-publish","4":"has-post-thumbnail","6":"product_cat-wheel-hub-assembly","7":"desktop-align-left","8":"tablet-align-left","9":"mobile-align-left","11":"first","12":"instock","13":"shipping-taxable","14":"product-type-simple"},"uagb_featured_image_src":{"full":["https:\/\/wiltbearings.com\/wp-content\/uploads\/2025\/10\/90.png",958,987,false],"thumbnail":["https:\/\/wiltbearings.com\/wp-content\/uploads\/2025\/10\/90-150x150.png",150,150,true],"medium":["https:\/\/wiltbearings.com\/wp-content\/uploads\/2025\/10\/90-291x300.png",291,300,true],"medium_large":["https:\/\/wiltbearings.com\/wp-content\/uploads\/2025\/10\/90-768x791.png",768,791,true],"large":["https:\/\/wiltbearings.com\/wp-content\/uploads\/2025\/10\/90.png",958,987,false],"1536x1536":["https:\/\/wiltbearings.com\/wp-content\/uploads\/2025\/10\/90.png",958,987,false],"2048x2048":["https:\/\/wiltbearings.com\/wp-content\/uploads\/2025\/10\/90.png",958,987,false],"trp-custom-language-flag":["https:\/\/wiltbearings.com\/wp-content\/uploads\/2025\/10\/90-12x12.png",12,12,true],"woocommerce_thumbnail":["https:\/\/wiltbearings.com\/wp-content\/uploads\/2025\/10\/90-300x300.png",300,300,true],"woocommerce_single":["https:\/\/wiltbearings.com\/wp-content\/uploads\/2025\/10\/90-400x412.png",400,412,true],"woocommerce_gallery_thumbnail":["https:\/\/wiltbearings.com\/wp-content\/uploads\/2025\/10\/90-100x100.png",100,100,true]},"uagb_author_info":{"display_name":"simon","author_link":"https:\/\/wiltbearings.com\/fr\/author\/"},"uagb_comment_info":0,"uagb_excerpt":"Product Name: Front Wheel Hub Bearing Assembly Model: HA-3103100 B37 (26T) \/ HAEV-3103100 \/ W-B37 Applicable Vehicle: BYD Qin, Qin EV, Surui (Front) Position: Front Description: High-quality front wheel hub bearing assembly for BYD Qin series. Ensures smooth rotation, precise fit, and reliable performance for safe and stable driving.","_links":{"self":[{"href":"https:\/\/wiltbearings.com\/fr\/wp-json\/wp\/v2\/product\/3243","targetHints":{"allow":["GET"]}}],"collection":[{"href":"https:\/\/wiltbearings.com\/fr\/wp-json\/wp\/v2\/product"}],"about":[{"href":"https:\/\/wiltbearings.com\/fr\/wp-json\/wp\/v2\/types\/product"}],"replies":[{"embeddable":true,"href":"https:\/\/wiltbearings.com\/fr\/wp-json\/wp\/v2\/comments?post=3243"}],"wp:featuredmedia":[{"embeddable":true,"href":"https:\/\/wiltbearings.com\/fr\/wp-json\/wp\/v2\/media\/3244"}],"wp:attachment":[{"href":"https:\/\/wiltbearings.com\/fr\/wp-json\/wp\/v2\/media?parent=3243"}],"wp:term":[{"taxonomy":"product_brand","embeddable":true,"href":"https:\/\/wiltbearings.com\/fr\/wp-json\/wp\/v2\/product_brand?post=3243"},{"taxonomy":"product_cat","embeddable":true,"href":"https:\/\/wiltbearings.com\/fr\/wp-json\/wp\/v2\/product_cat?post=3243"},{"taxonomy":"product_tag","embeddable":true,"href":"https:\/\/wiltbearings.com\/fr\/wp-json\/wp\/v2\/product_tag?post=3243"}],"curies":[{"name":"wp","href":"https:\/\/api.w.org\/{rel}","templated":true}]}}