{"id":3251,"date":"2025-10-09T03:47:10","date_gmt":"2025-10-09T03:47:10","guid":{"rendered":"https:\/\/wiltbearings.com\/?post_type=product&#038;p=3251"},"modified":"2025-10-09T03:47:10","modified_gmt":"2025-10-09T03:47:10","slug":"1t0498621-a-5k0498621-1td498621-716-p4-a","status":"publish","type":"product","link":"https:\/\/wiltbearings.com\/fr\/product\/1t0498621-a-5k0498621-1td498621-716-p4-a\/","title":{"rendered":"1T0498621-A \/ 5K0498621 \/ 1TD498621 \/ 716 \/ P4-A"},"content":{"rendered":"<p>Nom du produit : Roulement de moyeu de roue avant<br \/>\nMod\u00e8le : 1T0498621-A \/ 5K0498621 \/ 1TD498621 \/ 716 \/ P4-A<br \/>\nNum\u00e9ro OE : VKBA3643<br \/>\nV\u00e9hicule concern\u00e9 : Volkswagen Magotan, Sagitar, Tiguan, Passat (4-bolt), JMC Yusheng S330 \/ Audi Q3 4WD<br \/>\nPosition : Avant<\/p>\n<p>Description :<br \/>\nRoulement de moyeu de roue avant de premi\u00e8re qualit\u00e9 pour les mod\u00e8les Volkswagen, Audi et JMC Yusheng. Assure une rotation en douceur, un ajustement pr\u00e9cis et des performances fiables \u00e0 long terme pour une conduite s\u00fbre et stable.<\/p>","protected":false},"excerpt":{"rendered":"<p>Product Name: Front Wheel Hub Bearing Assembly Model: 1T0498621-A \/ 5K0498621 \/ 1TD498621 \/ 716 \/ P4-A OE Number: VKBA3643 Applicable Vehicle: Volkswagen Magotan, Sagitar, Tiguan, Passat (4-bolt), JMC Yusheng S330 \/ Audi Q3 4WD Position: Front Description: Premium front wheel hub bearing assembly for Volkswagen, Audi, and JMC Yusheng models. Provides smooth rotation, precise [&hellip;]<\/p>\n","protected":false},"featured_media":3252,"comment_status":"open","ping_status":"closed","template":"","meta":{"_uag_custom_page_level_css":"","site-sidebar-layout":"default","site-content-layout":"","ast-site-content-layout":"default","site-content-style":"default","site-sidebar-style":"default","ast-global-header-display":"","ast-banner-title-visibility":"","ast-main-header-display":"","ast-hfb-above-header-display":"","ast-hfb-below-header-display":"","ast-hfb-mobile-header-display":"","site-post-title":"","ast-breadcrumbs-content":"","ast-featured-img":"","footer-sml-layout":"","theme-transparent-header-meta":"default","adv-header-id-meta":"","stick-header-meta":"","header-above-stick-meta":"","header-main-stick-meta":"","header-below-stick-meta":"","astra-migrate-meta-layouts":"set","ast-page-background-enabled":"default","ast-page-background-meta":{"desktop":{"background-color":"","background-image":"","background-repeat":"repeat","background-position":"center center","background-size":"auto","background-attachment":"scroll","background-type":"","background-media":"","overlay-type":"","overlay-color":"","overlay-opacity":"","overlay-gradient":""},"tablet":{"background-color":"","background-image":"","background-repeat":"repeat","background-position":"center center","background-size":"auto","background-attachment":"scroll","background-type":"","background-media":"","overlay-type":"","overlay-color":"","overlay-opacity":"","overlay-gradient":""},"mobile":{"background-color":"","background-image":"","background-repeat":"repeat","background-position":"center center","background-size":"auto","background-attachment":"scroll","background-type":"","background-media":"","overlay-type":"","overlay-color":"","overlay-opacity":"","overlay-gradient":""}},"ast-content-background-meta":{"desktop":{"background-color":"var(--ast-global-color-5)","background-image":"","background-repeat":"repeat","background-position":"center center","background-size":"auto","background-attachment":"scroll","background-type":"","background-media":"","overlay-type":"","overlay-color":"","overlay-opacity":"","overlay-gradient":""},"tablet":{"background-color":"var(--ast-global-color-5)","background-image":"","background-repeat":"repeat","background-position":"center center","background-size":"auto","background-attachment":"scroll","background-type":"","background-media":"","overlay-type":"","overlay-color":"","overlay-opacity":"","overlay-gradient":""},"mobile":{"background-color":"var(--ast-global-color-5)","background-image":"","background-repeat":"repeat","background-position":"center center","background-size":"auto","background-attachment":"scroll","background-type":"","background-media":"","overlay-type":"","overlay-color":"","overlay-opacity":"","overlay-gradient":""}}},"product_brand":[],"product_cat":[41],"product_tag":[],"class_list":{"0":"post-3251","1":"product","2":"type-product","3":"status-publish","4":"has-post-thumbnail","6":"product_cat-wheel-hub-assembly","7":"desktop-align-left","8":"tablet-align-left","9":"mobile-align-left","11":"first","12":"instock","13":"shipping-taxable","14":"product-type-simple"},"uagb_featured_image_src":{"full":["https:\/\/wiltbearings.com\/wp-content\/uploads\/2025\/10\/139.png",600,600,false],"thumbnail":["https:\/\/wiltbearings.com\/wp-content\/uploads\/2025\/10\/139-150x150.png",150,150,true],"medium":["https:\/\/wiltbearings.com\/wp-content\/uploads\/2025\/10\/139-300x300.png",300,300,true],"medium_large":["https:\/\/wiltbearings.com\/wp-content\/uploads\/2025\/10\/139.png",600,600,false],"large":["https:\/\/wiltbearings.com\/wp-content\/uploads\/2025\/10\/139.png",600,600,false],"1536x1536":["https:\/\/wiltbearings.com\/wp-content\/uploads\/2025\/10\/139.png",600,600,false],"2048x2048":["https:\/\/wiltbearings.com\/wp-content\/uploads\/2025\/10\/139.png",600,600,false],"trp-custom-language-flag":["https:\/\/wiltbearings.com\/wp-content\/uploads\/2025\/10\/139-12x12.png",12,12,true],"woocommerce_thumbnail":["https:\/\/wiltbearings.com\/wp-content\/uploads\/2025\/10\/139-300x300.png",300,300,true],"woocommerce_single":["https:\/\/wiltbearings.com\/wp-content\/uploads\/2025\/10\/139-400x400.png",400,400,true],"woocommerce_gallery_thumbnail":["https:\/\/wiltbearings.com\/wp-content\/uploads\/2025\/10\/139-100x100.png",100,100,true]},"uagb_author_info":{"display_name":"simon","author_link":"https:\/\/wiltbearings.com\/fr\/author\/"},"uagb_comment_info":0,"uagb_excerpt":"Product Name: Front Wheel Hub Bearing Assembly Model: 1T0498621-A \/ 5K0498621 \/ 1TD498621 \/ 716 \/ P4-A OE Number: VKBA3643 Applicable Vehicle: Volkswagen Magotan, Sagitar, Tiguan, Passat (4-bolt), JMC Yusheng S330 \/ Audi Q3 4WD Position: Front Description: Premium front wheel hub bearing assembly for Volkswagen, Audi, and JMC Yusheng models. Provides smooth rotation, precise\u2026","_links":{"self":[{"href":"https:\/\/wiltbearings.com\/fr\/wp-json\/wp\/v2\/product\/3251","targetHints":{"allow":["GET"]}}],"collection":[{"href":"https:\/\/wiltbearings.com\/fr\/wp-json\/wp\/v2\/product"}],"about":[{"href":"https:\/\/wiltbearings.com\/fr\/wp-json\/wp\/v2\/types\/product"}],"replies":[{"embeddable":true,"href":"https:\/\/wiltbearings.com\/fr\/wp-json\/wp\/v2\/comments?post=3251"}],"wp:featuredmedia":[{"embeddable":true,"href":"https:\/\/wiltbearings.com\/fr\/wp-json\/wp\/v2\/media\/3252"}],"wp:attachment":[{"href":"https:\/\/wiltbearings.com\/fr\/wp-json\/wp\/v2\/media?parent=3251"}],"wp:term":[{"taxonomy":"product_brand","embeddable":true,"href":"https:\/\/wiltbearings.com\/fr\/wp-json\/wp\/v2\/product_brand?post=3251"},{"taxonomy":"product_cat","embeddable":true,"href":"https:\/\/wiltbearings.com\/fr\/wp-json\/wp\/v2\/product_cat?post=3251"},{"taxonomy":"product_tag","embeddable":true,"href":"https:\/\/wiltbearings.com\/fr\/wp-json\/wp\/v2\/product_tag?post=3251"}],"curies":[{"name":"wp","href":"https:\/\/api.w.org\/{rel}","templated":true}]}}