{"id":3261,"date":"2025-10-09T03:53:33","date_gmt":"2025-10-09T03:53:33","guid":{"rendered":"https:\/\/wiltbearings.com\/?post_type=product&#038;p=3261"},"modified":"2025-10-09T03:53:33","modified_gmt":"2025-10-09T03:53:33","slug":"42450-08020","status":"publish","type":"product","link":"https:\/\/wiltbearings.com\/fr\/product\/42450-08020\/","title":{"rendered":"42450-08020"},"content":{"rendered":"<p>Nom du produit : Roulement de moyeu de roue arri\u00e8re<br \/>\nMod\u00e8le : 42450-08020<br \/>\nNum\u00e9ro OE : 512280<br \/>\nV\u00e9hicule concern\u00e9 : Toyota Sienna (2003-2010) 2WD<br \/>\nPosition : Arri\u00e8re<\/p>\n<p>Description :<br \/>\nRoulement de moyeu de roue arri\u00e8re de haute qualit\u00e9 pour Toyota Sienna 2WD. Assure une rotation fluide, un ajustement pr\u00e9cis et des performances fiables pour une conduite s\u00fbre et stable.<\/p>","protected":false},"excerpt":{"rendered":"<p>Nom du produit : Roulement de moyeu de roue arri\u00e8re Mod\u00e8le : 42450-08020 Num\u00e9ro OE : 512280 V\u00e9hicule concern\u00e9 : Toyota Sienna (2003-2010) 2WD Position : Arri\u00e8re Description : Roulement de moyeu de roue arri\u00e8re de haute qualit\u00e9 pour Toyota Sienna 2WD. Assure une rotation en douceur, un ajustement pr\u00e9cis et des performances fiables pour une conduite s\u00fbre et stable.<\/p>","protected":false},"featured_media":3262,"comment_status":"open","ping_status":"closed","template":"","meta":{"_uag_custom_page_level_css":"","site-sidebar-layout":"default","site-content-layout":"","ast-site-content-layout":"default","site-content-style":"default","site-sidebar-style":"default","ast-global-header-display":"","ast-banner-title-visibility":"","ast-main-header-display":"","ast-hfb-above-header-display":"","ast-hfb-below-header-display":"","ast-hfb-mobile-header-display":"","site-post-title":"","ast-breadcrumbs-content":"","ast-featured-img":"","footer-sml-layout":"","theme-transparent-header-meta":"default","adv-header-id-meta":"","stick-header-meta":"","header-above-stick-meta":"","header-main-stick-meta":"","header-below-stick-meta":"","astra-migrate-meta-layouts":"set","ast-page-background-enabled":"default","ast-page-background-meta":{"desktop":{"background-color":"","background-image":"","background-repeat":"repeat","background-position":"center center","background-size":"auto","background-attachment":"scroll","background-type":"","background-media":"","overlay-type":"","overlay-color":"","overlay-opacity":"","overlay-gradient":""},"tablet":{"background-color":"","background-image":"","background-repeat":"repeat","background-position":"center center","background-size":"auto","background-attachment":"scroll","background-type":"","background-media":"","overlay-type":"","overlay-color":"","overlay-opacity":"","overlay-gradient":""},"mobile":{"background-color":"","background-image":"","background-repeat":"repeat","background-position":"center center","background-size":"auto","background-attachment":"scroll","background-type":"","background-media":"","overlay-type":"","overlay-color":"","overlay-opacity":"","overlay-gradient":""}},"ast-content-background-meta":{"desktop":{"background-color":"var(--ast-global-color-5)","background-image":"","background-repeat":"repeat","background-position":"center center","background-size":"auto","background-attachment":"scroll","background-type":"","background-media":"","overlay-type":"","overlay-color":"","overlay-opacity":"","overlay-gradient":""},"tablet":{"background-color":"var(--ast-global-color-5)","background-image":"","background-repeat":"repeat","background-position":"center center","background-size":"auto","background-attachment":"scroll","background-type":"","background-media":"","overlay-type":"","overlay-color":"","overlay-opacity":"","overlay-gradient":""},"mobile":{"background-color":"var(--ast-global-color-5)","background-image":"","background-repeat":"repeat","background-position":"center center","background-size":"auto","background-attachment":"scroll","background-type":"","background-media":"","overlay-type":"","overlay-color":"","overlay-opacity":"","overlay-gradient":""}}},"product_brand":[],"product_cat":[41],"product_tag":[],"class_list":{"0":"post-3261","1":"product","2":"type-product","3":"status-publish","4":"has-post-thumbnail","6":"product_cat-wheel-hub-assembly","7":"desktop-align-left","8":"tablet-align-left","9":"mobile-align-left","11":"first","12":"instock","13":"shipping-taxable","14":"product-type-simple"},"uagb_featured_image_src":{"full":["https:\/\/wiltbearings.com\/wp-content\/uploads\/2025\/10\/125.png",778,663,false],"thumbnail":["https:\/\/wiltbearings.com\/wp-content\/uploads\/2025\/10\/125-150x150.png",150,150,true],"medium":["https:\/\/wiltbearings.com\/wp-content\/uploads\/2025\/10\/125-300x256.png",300,256,true],"medium_large":["https:\/\/wiltbearings.com\/wp-content\/uploads\/2025\/10\/125-768x654.png",768,654,true],"large":["https:\/\/wiltbearings.com\/wp-content\/uploads\/2025\/10\/125.png",778,663,false],"1536x1536":["https:\/\/wiltbearings.com\/wp-content\/uploads\/2025\/10\/125.png",778,663,false],"2048x2048":["https:\/\/wiltbearings.com\/wp-content\/uploads\/2025\/10\/125.png",778,663,false],"trp-custom-language-flag":["https:\/\/wiltbearings.com\/wp-content\/uploads\/2025\/10\/125-14x12.png",14,12,true],"woocommerce_thumbnail":["https:\/\/wiltbearings.com\/wp-content\/uploads\/2025\/10\/125-300x300.png",300,300,true],"woocommerce_single":["https:\/\/wiltbearings.com\/wp-content\/uploads\/2025\/10\/125-400x341.png",400,341,true],"woocommerce_gallery_thumbnail":["https:\/\/wiltbearings.com\/wp-content\/uploads\/2025\/10\/125-100x100.png",100,100,true]},"uagb_author_info":{"display_name":"simon","author_link":"https:\/\/wiltbearings.com\/fr\/author\/"},"uagb_comment_info":0,"uagb_excerpt":"Product Name: Rear Wheel Hub Bearing Assembly Model: 42450-08020 OE Number: 512280 Applicable Vehicle: Toyota Sienna (2003\u20132010) 2WD Position: Rear Description: High-quality rear wheel hub bearing assembly for Toyota Sienna 2WD. Ensures smooth rotation, precise fit, and dependable performance for safe and stable driving.","_links":{"self":[{"href":"https:\/\/wiltbearings.com\/fr\/wp-json\/wp\/v2\/product\/3261","targetHints":{"allow":["GET"]}}],"collection":[{"href":"https:\/\/wiltbearings.com\/fr\/wp-json\/wp\/v2\/product"}],"about":[{"href":"https:\/\/wiltbearings.com\/fr\/wp-json\/wp\/v2\/types\/product"}],"replies":[{"embeddable":true,"href":"https:\/\/wiltbearings.com\/fr\/wp-json\/wp\/v2\/comments?post=3261"}],"wp:featuredmedia":[{"embeddable":true,"href":"https:\/\/wiltbearings.com\/fr\/wp-json\/wp\/v2\/media\/3262"}],"wp:attachment":[{"href":"https:\/\/wiltbearings.com\/fr\/wp-json\/wp\/v2\/media?parent=3261"}],"wp:term":[{"taxonomy":"product_brand","embeddable":true,"href":"https:\/\/wiltbearings.com\/fr\/wp-json\/wp\/v2\/product_brand?post=3261"},{"taxonomy":"product_cat","embeddable":true,"href":"https:\/\/wiltbearings.com\/fr\/wp-json\/wp\/v2\/product_cat?post=3261"},{"taxonomy":"product_tag","embeddable":true,"href":"https:\/\/wiltbearings.com\/fr\/wp-json\/wp\/v2\/product_tag?post=3261"}],"curies":[{"name":"wp","href":"https:\/\/api.w.org\/{rel}","templated":true}]}}