{"id":3356,"date":"2025-10-10T10:24:57","date_gmt":"2025-10-10T10:24:57","guid":{"rendered":"https:\/\/wiltbearings.com\/?post_type=product&#038;p=3356"},"modified":"2025-10-10T10:24:57","modified_gmt":"2025-10-10T10:24:57","slug":"vkba3538","status":"publish","type":"product","link":"https:\/\/wiltbearings.com\/fr\/product\/vkba3538\/","title":{"rendered":"VKBA3538"},"content":{"rendered":"<p>Nom du produit : Kit de roulements de moyeu de roue<br \/>\nMod\u00e8le : VKBA3538<br \/>\nComprend le roulement : DAC35720033 ABS<\/p>\n<p>Description :<br \/>\nKit de roulement de moyeu de roue de haute qualit\u00e9 avec roulement DAC35720033 ABS pour une rotation fluide, des performances fiables et une longue dur\u00e9e de vie.<\/p>","protected":false},"excerpt":{"rendered":"<p>Nom du produit : Kit de roulement de moyeu de roue Mod\u00e8le : VKBA3538 Comprend le roulement : DAC35720033 ABS Description : Kit de roulements de moyeu de roue de haute qualit\u00e9 comprenant un roulement DAC35720033 ABS pour une rotation en douceur, des performances fiables et une durabilit\u00e9 accrue.<\/p>","protected":false},"featured_media":3357,"comment_status":"open","ping_status":"closed","template":"","meta":{"_uag_custom_page_level_css":"","site-sidebar-layout":"default","site-content-layout":"","ast-site-content-layout":"default","site-content-style":"default","site-sidebar-style":"default","ast-global-header-display":"","ast-banner-title-visibility":"","ast-main-header-display":"","ast-hfb-above-header-display":"","ast-hfb-below-header-display":"","ast-hfb-mobile-header-display":"","site-post-title":"","ast-breadcrumbs-content":"","ast-featured-img":"","footer-sml-layout":"","theme-transparent-header-meta":"default","adv-header-id-meta":"","stick-header-meta":"","header-above-stick-meta":"","header-main-stick-meta":"","header-below-stick-meta":"","astra-migrate-meta-layouts":"set","ast-page-background-enabled":"default","ast-page-background-meta":{"desktop":{"background-color":"","background-image":"","background-repeat":"repeat","background-position":"center center","background-size":"auto","background-attachment":"scroll","background-type":"","background-media":"","overlay-type":"","overlay-color":"","overlay-opacity":"","overlay-gradient":""},"tablet":{"background-color":"","background-image":"","background-repeat":"repeat","background-position":"center center","background-size":"auto","background-attachment":"scroll","background-type":"","background-media":"","overlay-type":"","overlay-color":"","overlay-opacity":"","overlay-gradient":""},"mobile":{"background-color":"","background-image":"","background-repeat":"repeat","background-position":"center center","background-size":"auto","background-attachment":"scroll","background-type":"","background-media":"","overlay-type":"","overlay-color":"","overlay-opacity":"","overlay-gradient":""}},"ast-content-background-meta":{"desktop":{"background-color":"var(--ast-global-color-5)","background-image":"","background-repeat":"repeat","background-position":"center center","background-size":"auto","background-attachment":"scroll","background-type":"","background-media":"","overlay-type":"","overlay-color":"","overlay-opacity":"","overlay-gradient":""},"tablet":{"background-color":"var(--ast-global-color-5)","background-image":"","background-repeat":"repeat","background-position":"center center","background-size":"auto","background-attachment":"scroll","background-type":"","background-media":"","overlay-type":"","overlay-color":"","overlay-opacity":"","overlay-gradient":""},"mobile":{"background-color":"var(--ast-global-color-5)","background-image":"","background-repeat":"repeat","background-position":"center center","background-size":"auto","background-attachment":"scroll","background-type":"","background-media":"","overlay-type":"","overlay-color":"","overlay-opacity":"","overlay-gradient":""}}},"product_brand":[],"product_cat":[37],"product_tag":[],"class_list":{"0":"post-3356","1":"product","2":"type-product","3":"status-publish","4":"has-post-thumbnail","6":"product_cat-generation-1-hub-bearing","7":"desktop-align-left","8":"tablet-align-left","9":"mobile-align-left","11":"first","12":"instock","13":"shipping-taxable","14":"product-type-simple"},"uagb_featured_image_src":{"full":["https:\/\/wiltbearings.com\/wp-content\/uploads\/2025\/10\/87-1.png",120,135,false],"thumbnail":["https:\/\/wiltbearings.com\/wp-content\/uploads\/2025\/10\/87-1.png",120,135,false],"medium":["https:\/\/wiltbearings.com\/wp-content\/uploads\/2025\/10\/87-1.png",120,135,false],"medium_large":["https:\/\/wiltbearings.com\/wp-content\/uploads\/2025\/10\/87-1.png",120,135,false],"large":["https:\/\/wiltbearings.com\/wp-content\/uploads\/2025\/10\/87-1.png",120,135,false],"1536x1536":["https:\/\/wiltbearings.com\/wp-content\/uploads\/2025\/10\/87-1.png",120,135,false],"2048x2048":["https:\/\/wiltbearings.com\/wp-content\/uploads\/2025\/10\/87-1.png",120,135,false],"trp-custom-language-flag":["https:\/\/wiltbearings.com\/wp-content\/uploads\/2025\/10\/87-1-11x12.png",11,12,true],"woocommerce_thumbnail":["https:\/\/wiltbearings.com\/wp-content\/uploads\/2025\/10\/87-1.png",120,135,false],"woocommerce_single":["https:\/\/wiltbearings.com\/wp-content\/uploads\/2025\/10\/87-1.png",120,135,false],"woocommerce_gallery_thumbnail":["https:\/\/wiltbearings.com\/wp-content\/uploads\/2025\/10\/87-1-100x100.png",100,100,true]},"uagb_author_info":{"display_name":"simon","author_link":"https:\/\/wiltbearings.com\/fr\/author\/"},"uagb_comment_info":0,"uagb_excerpt":"Product Name: Wheel Hub Bearing Kit Model: VKBA3538 Includes Bearing: DAC35720033 ABS Description: High-quality wheel hub bearing kit featuring DAC35720033 ABS bearing for smooth rotation, reliable performance, and extended durability.","_links":{"self":[{"href":"https:\/\/wiltbearings.com\/fr\/wp-json\/wp\/v2\/product\/3356","targetHints":{"allow":["GET"]}}],"collection":[{"href":"https:\/\/wiltbearings.com\/fr\/wp-json\/wp\/v2\/product"}],"about":[{"href":"https:\/\/wiltbearings.com\/fr\/wp-json\/wp\/v2\/types\/product"}],"replies":[{"embeddable":true,"href":"https:\/\/wiltbearings.com\/fr\/wp-json\/wp\/v2\/comments?post=3356"}],"wp:featuredmedia":[{"embeddable":true,"href":"https:\/\/wiltbearings.com\/fr\/wp-json\/wp\/v2\/media\/3357"}],"wp:attachment":[{"href":"https:\/\/wiltbearings.com\/fr\/wp-json\/wp\/v2\/media?parent=3356"}],"wp:term":[{"taxonomy":"product_brand","embeddable":true,"href":"https:\/\/wiltbearings.com\/fr\/wp-json\/wp\/v2\/product_brand?post=3356"},{"taxonomy":"product_cat","embeddable":true,"href":"https:\/\/wiltbearings.com\/fr\/wp-json\/wp\/v2\/product_cat?post=3356"},{"taxonomy":"product_tag","embeddable":true,"href":"https:\/\/wiltbearings.com\/fr\/wp-json\/wp\/v2\/product_tag?post=3356"}],"curies":[{"name":"wp","href":"https:\/\/api.w.org\/{rel}","templated":true}]}}