{"id":3376,"date":"2025-10-10T10:50:53","date_gmt":"2025-10-10T10:50:53","guid":{"rendered":"https:\/\/wiltbearings.com\/?post_type=product&#038;p=3376"},"modified":"2025-10-10T10:50:53","modified_gmt":"2025-10-10T10:50:53","slug":"vkba3598","status":"publish","type":"product","link":"https:\/\/wiltbearings.com\/fr\/product\/vkba3598\/","title":{"rendered":"VKBA3598"},"content":{"rendered":"<p>Nom du produit : Kit de roulements de moyeu de roue<br \/>\nMod\u00e8le : VKBA3598<br \/>\nComprend le roulement : DAC37740037 ABS<\/p>\n<p>Description :<br \/>\nKit de roulements de moyeu de roue de premi\u00e8re qualit\u00e9 avec DAC37740037 ABS, offrant des performances fiables, une rotation en douceur et une durabilit\u00e9 \u00e0 long terme pour une s\u00e9curit\u00e9 et une stabilit\u00e9 accrues du v\u00e9hicule.<\/p>","protected":false},"excerpt":{"rendered":"<p>Nom du produit : Kit de roulement de moyeu de roue Mod\u00e8le : VKBA3598 Comprend le roulement : DAC37740037 ABS Description : Kit de roulements de moyeu de roue de premi\u00e8re qualit\u00e9 avec DAC37740037 ABS, offrant des performances fiables, une rotation en douceur et une durabilit\u00e9 \u00e0 long terme pour une s\u00e9curit\u00e9 et une stabilit\u00e9 accrues du v\u00e9hicule.<\/p>","protected":false},"featured_media":3377,"comment_status":"open","ping_status":"closed","template":"","meta":{"_uag_custom_page_level_css":"","site-sidebar-layout":"default","site-content-layout":"","ast-site-content-layout":"default","site-content-style":"default","site-sidebar-style":"default","ast-global-header-display":"","ast-banner-title-visibility":"","ast-main-header-display":"","ast-hfb-above-header-display":"","ast-hfb-below-header-display":"","ast-hfb-mobile-header-display":"","site-post-title":"","ast-breadcrumbs-content":"","ast-featured-img":"","footer-sml-layout":"","theme-transparent-header-meta":"default","adv-header-id-meta":"","stick-header-meta":"","header-above-stick-meta":"","header-main-stick-meta":"","header-below-stick-meta":"","astra-migrate-meta-layouts":"set","ast-page-background-enabled":"default","ast-page-background-meta":{"desktop":{"background-color":"","background-image":"","background-repeat":"repeat","background-position":"center center","background-size":"auto","background-attachment":"scroll","background-type":"","background-media":"","overlay-type":"","overlay-color":"","overlay-opacity":"","overlay-gradient":""},"tablet":{"background-color":"","background-image":"","background-repeat":"repeat","background-position":"center center","background-size":"auto","background-attachment":"scroll","background-type":"","background-media":"","overlay-type":"","overlay-color":"","overlay-opacity":"","overlay-gradient":""},"mobile":{"background-color":"","background-image":"","background-repeat":"repeat","background-position":"center center","background-size":"auto","background-attachment":"scroll","background-type":"","background-media":"","overlay-type":"","overlay-color":"","overlay-opacity":"","overlay-gradient":""}},"ast-content-background-meta":{"desktop":{"background-color":"var(--ast-global-color-5)","background-image":"","background-repeat":"repeat","background-position":"center center","background-size":"auto","background-attachment":"scroll","background-type":"","background-media":"","overlay-type":"","overlay-color":"","overlay-opacity":"","overlay-gradient":""},"tablet":{"background-color":"var(--ast-global-color-5)","background-image":"","background-repeat":"repeat","background-position":"center center","background-size":"auto","background-attachment":"scroll","background-type":"","background-media":"","overlay-type":"","overlay-color":"","overlay-opacity":"","overlay-gradient":""},"mobile":{"background-color":"var(--ast-global-color-5)","background-image":"","background-repeat":"repeat","background-position":"center center","background-size":"auto","background-attachment":"scroll","background-type":"","background-media":"","overlay-type":"","overlay-color":"","overlay-opacity":"","overlay-gradient":""}}},"product_brand":[],"product_cat":[37],"product_tag":[],"class_list":{"0":"post-3376","1":"product","2":"type-product","3":"status-publish","4":"has-post-thumbnail","6":"product_cat-generation-1-hub-bearing","7":"desktop-align-left","8":"tablet-align-left","9":"mobile-align-left","11":"first","12":"instock","13":"shipping-taxable","14":"product-type-simple"},"uagb_featured_image_src":{"full":["https:\/\/wiltbearings.com\/wp-content\/uploads\/2025\/10\/99.png",120,135,false],"thumbnail":["https:\/\/wiltbearings.com\/wp-content\/uploads\/2025\/10\/99.png",120,135,false],"medium":["https:\/\/wiltbearings.com\/wp-content\/uploads\/2025\/10\/99.png",120,135,false],"medium_large":["https:\/\/wiltbearings.com\/wp-content\/uploads\/2025\/10\/99.png",120,135,false],"large":["https:\/\/wiltbearings.com\/wp-content\/uploads\/2025\/10\/99.png",120,135,false],"1536x1536":["https:\/\/wiltbearings.com\/wp-content\/uploads\/2025\/10\/99.png",120,135,false],"2048x2048":["https:\/\/wiltbearings.com\/wp-content\/uploads\/2025\/10\/99.png",120,135,false],"trp-custom-language-flag":["https:\/\/wiltbearings.com\/wp-content\/uploads\/2025\/10\/99-11x12.png",11,12,true],"woocommerce_thumbnail":["https:\/\/wiltbearings.com\/wp-content\/uploads\/2025\/10\/99.png",120,135,false],"woocommerce_single":["https:\/\/wiltbearings.com\/wp-content\/uploads\/2025\/10\/99.png",120,135,false],"woocommerce_gallery_thumbnail":["https:\/\/wiltbearings.com\/wp-content\/uploads\/2025\/10\/99-100x100.png",100,100,true]},"uagb_author_info":{"display_name":"simon","author_link":"https:\/\/wiltbearings.com\/fr\/author\/"},"uagb_comment_info":0,"uagb_excerpt":"Product Name: Wheel Hub Bearing Kit Model: VKBA3598 Includes Bearing: DAC37740037 ABS Description: Premium wheel hub bearing kit with DAC37740037 ABS, offering reliable performance, smooth rotation, and long-lasting durability for enhanced vehicle safety and stability.","_links":{"self":[{"href":"https:\/\/wiltbearings.com\/fr\/wp-json\/wp\/v2\/product\/3376","targetHints":{"allow":["GET"]}}],"collection":[{"href":"https:\/\/wiltbearings.com\/fr\/wp-json\/wp\/v2\/product"}],"about":[{"href":"https:\/\/wiltbearings.com\/fr\/wp-json\/wp\/v2\/types\/product"}],"replies":[{"embeddable":true,"href":"https:\/\/wiltbearings.com\/fr\/wp-json\/wp\/v2\/comments?post=3376"}],"wp:featuredmedia":[{"embeddable":true,"href":"https:\/\/wiltbearings.com\/fr\/wp-json\/wp\/v2\/media\/3377"}],"wp:attachment":[{"href":"https:\/\/wiltbearings.com\/fr\/wp-json\/wp\/v2\/media?parent=3376"}],"wp:term":[{"taxonomy":"product_brand","embeddable":true,"href":"https:\/\/wiltbearings.com\/fr\/wp-json\/wp\/v2\/product_brand?post=3376"},{"taxonomy":"product_cat","embeddable":true,"href":"https:\/\/wiltbearings.com\/fr\/wp-json\/wp\/v2\/product_cat?post=3376"},{"taxonomy":"product_tag","embeddable":true,"href":"https:\/\/wiltbearings.com\/fr\/wp-json\/wp\/v2\/product_tag?post=3376"}],"curies":[{"name":"wp","href":"https:\/\/api.w.org\/{rel}","templated":true}]}}